{"id":24,"date":"2023-10-24T17:33:49","date_gmt":"2023-10-24T15:33:49","guid":{"rendered":"https:\/\/decorinterieurparis.com\/?page_id=24"},"modified":"2024-11-07T18:27:20","modified_gmt":"2024-11-07T17:27:20","slug":"coaching-deco","status":"publish","type":"page","link":"https:\/\/decorinterieurparis.com\/index.php\/coaching-deco\/","title":{"rendered":"CONSEILS D\u00c9CO &#038; HOME STAGING"},"content":{"rendered":"\t\t<div data-elementor-type=\"wp-page\" data-elementor-id=\"24\" class=\"elementor elementor-24\">\n\t\t\t\t\t\t\t<div class=\"elementor-element elementor-element-11079f5 e-flex e-con-boxed e-con e-parent\" data-id=\"11079f5\" data-element_type=\"container\" data-settings=\"{&quot;content_width&quot;:&quot;boxed&quot;}\" data-core-v316-plus=\"true\">\n\t\t\t\t\t<div class=\"e-con-inner\">\n\t\t\t\t<div class=\"elementor-element elementor-element-60dbe13 elementor-widget elementor-widget-heading\" data-id=\"60dbe13\" data-element_type=\"widget\" data-widget_type=\"heading.default\">\n\t\t\t\t<div class=\"elementor-widget-container\">\n\t\t\t<style>\/*! elementor - v3.18.0 - 20-12-2023 *\/\n.elementor-heading-title{padding:0;margin:0;line-height:1}.elementor-widget-heading .elementor-heading-title[class*=elementor-size-]>a{color:inherit;font-size:inherit;line-height:inherit}.elementor-widget-heading .elementor-heading-title.elementor-size-small{font-size:15px}.elementor-widget-heading .elementor-heading-title.elementor-size-medium{font-size:19px}.elementor-widget-heading .elementor-heading-title.elementor-size-large{font-size:29px}.elementor-widget-heading .elementor-heading-title.elementor-size-xl{font-size:39px}.elementor-widget-heading .elementor-heading-title.elementor-size-xxl{font-size:59px}<\/style><h2 class=\"elementor-heading-title elementor-size-default\">D\u00e9corateur int\u00e9rieur Paris I D\u00e9coration int\u00e9rieure Paris <\/h2>\t\t<\/div>\n\t\t\t\t<\/div>\n\t\t\t\t\t<\/div>\n\t\t\t\t<\/div>\n\t\t<div class=\"elementor-element elementor-element-dff02a3 e-flex e-con-boxed e-con e-parent\" data-id=\"dff02a3\" data-element_type=\"container\" data-settings=\"{&quot;content_width&quot;:&quot;boxed&quot;}\" data-core-v316-plus=\"true\">\n\t\t\t\t\t<div class=\"e-con-inner\">\n\t\t<div class=\"elementor-element elementor-element-26aede0 e-con-full e-flex e-con e-child\" data-id=\"26aede0\" data-element_type=\"container\" data-settings=\"{&quot;content_width&quot;:&quot;full&quot;}\">\n\t\t\t\t<div class=\"elementor-element elementor-element-f08cc3a elementor-widget elementor-widget-image\" data-id=\"f08cc3a\" data-element_type=\"widget\" data-widget_type=\"image.default\">\n\t\t\t\t<div class=\"elementor-widget-container\">\n\t\t\t<style>\/*! elementor - v3.18.0 - 20-12-2023 *\/\n.elementor-widget-image{text-align:center}.elementor-widget-image a{display:inline-block}.elementor-widget-image a img[src$=\".svg\"]{width:48px}.elementor-widget-image img{vertical-align:middle;display:inline-block}<\/style>\t\t\t\t\t\t\t\t\t\t\t\t<img fetchpriority=\"high\" decoding=\"async\" width=\"956\" height=\"540\" src=\"https:\/\/decorinterieurparis.com\/wp-content\/uploads\/2023\/12\/Image-07-12-2023-a-22.11.jpeg\" class=\"attachment-large size-large wp-image-879\" alt=\"\" srcset=\"https:\/\/decorinterieurparis.com\/wp-content\/uploads\/2023\/12\/Image-07-12-2023-a-22.11.jpeg 956w, https:\/\/decorinterieurparis.com\/wp-content\/uploads\/2023\/12\/Image-07-12-2023-a-22.11-300x169.jpeg 300w, https:\/\/decorinterieurparis.com\/wp-content\/uploads\/2023\/12\/Image-07-12-2023-a-22.11-768x434.jpeg 768w\" sizes=\"(max-width: 956px) 100vw, 956px\" \/>\t\t\t\t\t\t\t\t\t\t\t\t\t\t\t<\/div>\n\t\t\t\t<\/div>\n\t\t\t\t<div class=\"elementor-element elementor-element-a9deb6e elementor-widget elementor-widget-heading\" data-id=\"a9deb6e\" data-element_type=\"widget\" data-widget_type=\"heading.default\">\n\t\t\t\t<div class=\"elementor-widget-container\">\n\t\t\t<h2 class=\"elementor-heading-title elementor-size-default\">Conseils d\u00e9co <br>&amp; Home staging<\/h2>\t\t<\/div>\n\t\t\t\t<\/div>\n\t\t\t\t<div class=\"elementor-element elementor-element-2ee1d0d elementor-align-center elementor-widget elementor-widget-button\" data-id=\"2ee1d0d\" data-element_type=\"widget\" data-widget_type=\"button.default\">\n\t\t\t\t<div class=\"elementor-widget-container\">\n\t\t\t\t\t<div class=\"elementor-button-wrapper\">\n\t\t\t<a class=\"elementor-button elementor-button-link elementor-size-sm\" href=\"https:\/\/decorinterieurparis.com\/index.php\/decoration-dinterieur\/\">\n\t\t\t\t\t\t<span class=\"elementor-button-content-wrapper\">\n\t\t\t\t\t\t<span class=\"elementor-button-text\">R\u00c9ALISATIONS<\/span>\n\t\t<\/span>\n\t\t\t\t\t<\/a>\n\t\t<\/div>\n\t\t\t\t<\/div>\n\t\t\t\t<\/div>\n\t\t\t\t<\/div>\n\t\t<div class=\"elementor-element elementor-element-34ec406 e-con-full e-flex e-con e-child\" data-id=\"34ec406\" data-element_type=\"container\" data-settings=\"{&quot;content_width&quot;:&quot;full&quot;}\">\n\t\t\t\t<div class=\"elementor-element elementor-element-388f88f elementor-widget elementor-widget-text-editor\" data-id=\"388f88f\" data-element_type=\"widget\" data-widget_type=\"text-editor.default\">\n\t\t\t\t<div class=\"elementor-widget-container\">\n\t\t\t<style>\/*! elementor - v3.18.0 - 20-12-2023 *\/\n.elementor-widget-text-editor.elementor-drop-cap-view-stacked .elementor-drop-cap{background-color:#69727d;color:#fff}.elementor-widget-text-editor.elementor-drop-cap-view-framed .elementor-drop-cap{color:#69727d;border:3px solid;background-color:transparent}.elementor-widget-text-editor:not(.elementor-drop-cap-view-default) .elementor-drop-cap{margin-top:8px}.elementor-widget-text-editor:not(.elementor-drop-cap-view-default) .elementor-drop-cap-letter{width:1em;height:1em}.elementor-widget-text-editor .elementor-drop-cap{float:left;text-align:center;line-height:1;font-size:50px}.elementor-widget-text-editor .elementor-drop-cap-letter{display:inline-block}<\/style>\t\t\t\t<p><b>Rencontre<\/b> <b>en<\/b> <b>personne<\/b> sur le lieu de la prestation afin de d\u00e9couvrir l&#8217;espace que vous souhaitez d\u00e9corer ou re-d\u00e9corer.<\/p><ul><li><span style=\"font-size: 12px; letter-spacing: var( --e-global-typography-text-letter-spacing ); text-align: var(--text-align);\">Dans le cas de <b>conseils<\/b> <b>d\u00e9co<\/b>, cette rencontre me permettra de comprendre quels sont vos go\u00fbts, vos envies, vos attentes et besoins en terme d\u2019agencement et d&#8217;organisation de l&#8217;espace, mais aussi en terme de mobilier, de couleur, de mati\u00e8re et de lumi\u00e8re.<\/span><\/li><\/ul><p>Je vous conseille, et nous d\u00e9finissions ensuite ensemble, quelles sont les solutions les plus adapt\u00e9es.<\/p><ul><li><span style=\"font-family: Helvetica, sans-serif; font-size: 12px; font-style: normal; font-variant-caps: normal; letter-spacing: 0.7px; text-align: var(--text-align);\">Dans le cadre du\u00a0<\/span><b style=\"font-family: Helvetica, sans-serif; font-size: 12px; font-style: normal; font-variant-caps: normal; letter-spacing: 0.7px; text-align: var(--text-align);\">Home<\/b><span style=\"font-family: Helvetica, sans-serif; font-size: 12px; font-style: normal; font-variant-caps: normal; letter-spacing: 0.7px; text-align: var(--text-align);\">\u00a0<\/span><b style=\"font-family: Helvetica, sans-serif; font-size: 12px; font-style: normal; font-variant-caps: normal; letter-spacing: 0.7px; text-align: var(--text-align);\">staging<\/b><span style=\"font-family: Helvetica, sans-serif; font-size: 12px; font-style: normal; font-variant-caps: normal; letter-spacing: 0.7px; text-align: var(--text-align);\">\u00a0&#8211;<\/span><span style=\"font-family: Helvetica, sans-serif; font-size: 12px; font-style: normal; font-variant-caps: normal; letter-spacing: 0.7px; text-align: var(--text-align);\">\u00a0technique vous permettant de<\/span><span style=\"font-family: Helvetica, sans-serif; font-size: 12px; font-style: normal; font-variant-caps: normal; letter-spacing: 0.7px; text-align: var(--text-align);\">\u00a0<\/span><span style=\"font-family: Helvetica, sans-serif; font-size: 12px; font-style: normal; font-variant-caps: normal; letter-spacing: 0.7px; text-align: var(--text-align);\">vendre<\/span><span style=\"font-family: Helvetica, sans-serif; font-size: 12px; font-style: normal; font-variant-caps: normal; letter-spacing: 0.7px; text-align: var(--text-align);\">\u00a0<\/span><span style=\"font-family: Helvetica, sans-serif; font-size: 12px; font-style: normal; font-variant-caps: normal; letter-spacing: 0.7px; text-align: var(--text-align);\">ou de\u00a0<\/span><span style=\"font-family: Helvetica, sans-serif; font-size: 12px; font-style: normal; font-variant-caps: normal; letter-spacing: 0.7px; text-align: var(--text-align);\">louer<\/span><span style=\"font-family: Helvetica, sans-serif; font-size: 12px; font-style: normal; font-variant-caps: normal; letter-spacing: 0.7px; text-align: var(--text-align);\">\u00a0<\/span><span style=\"font-family: Helvetica, sans-serif; font-size: 12px; font-style: normal; font-variant-caps: normal; letter-spacing: 0.7px; text-align: var(--text-align);\">votre bien<\/span><span style=\"font-family: Helvetica, sans-serif; font-size: 12px; font-style: normal; font-variant-caps: normal; letter-spacing: 0.7px; text-align: var(--text-align);\">\u00a0<\/span><span style=\"font-family: Helvetica, sans-serif; font-size: 12px; font-style: normal; font-variant-caps: normal; letter-spacing: 0.7px; text-align: var(--text-align);\">rapidement<\/span><span style=\"font-family: Helvetica, sans-serif; font-size: 12px; font-style: normal; font-variant-caps: normal; letter-spacing: 0.7px; text-align: var(--text-align);\">\u00a0et au meilleur prix sans pour autant entreprendre de grands travaux &#8211; l&#8217;<\/span><span style=\"font-family: Helvetica, sans-serif; font-size: 12px; font-style: normal; font-variant-caps: normal; letter-spacing: 0.7px; text-align: var(--text-align);\">\u2019objectif sera d&#8217;<\/span><span style=\"font-family: Helvetica, sans-serif; font-size: 12px; font-style: normal; font-variant-caps: normal; letter-spacing: 0.7px; text-align: var(--text-align);\">apporter<\/span><span style=\"font-family: Helvetica, sans-serif; font-size: 12px; font-style: normal; font-variant-caps: normal; letter-spacing: 0.7px; text-align: var(--text-align);\">\u00a0<\/span><span style=\"font-family: Helvetica, sans-serif; font-size: 12px; font-style: normal; font-variant-caps: normal; letter-spacing: 0.7px; text-align: var(--text-align);\">de<\/span><span style=\"font-family: Helvetica, sans-serif; font-size: 12px; font-style: normal; font-variant-caps: normal; letter-spacing: 0.7px; text-align: var(--text-align);\">\u00a0<\/span><span style=\"font-family: Helvetica, sans-serif; font-size: 12px; font-style: normal; font-variant-caps: normal; letter-spacing: 0.7px; text-align: var(--text-align);\">la<\/span><span style=\"font-family: Helvetica, sans-serif; font-size: 12px; font-style: normal; font-variant-caps: normal; letter-spacing: 0.7px; text-align: var(--text-align);\">\u00a0<\/span><span style=\"font-family: Helvetica, sans-serif; font-size: 12px; font-style: normal; font-variant-caps: normal; letter-spacing: 0.7px; text-align: var(--text-align);\">valeur<\/span><span style=\"font-family: Helvetica, sans-serif; font-size: 12px; font-style: normal; font-variant-caps: normal; letter-spacing: 0.7px; text-align: var(--text-align);\">\u00a0<\/span><span style=\"font-family: Helvetica, sans-serif; font-size: 12px; font-style: normal; font-variant-caps: normal; letter-spacing: 0.7px; text-align: var(--text-align);\">\u00e0 votre bien, cette technique permet de se projeter plus facilement dans les lieux et ainsi de provoquer le coup de coeur chez le futur acqu\u00e9reur ou locataire.<\/span><\/li><\/ul><p style=\"font-variant-caps: normal; font-family: Helvetica, sans-serif; font-size: 12px; font-style: normal; letter-spacing: 0.7px;\">Je vous conseille sur la mani\u00e8re de\u00a0<span style=\"font-size: 12px;\">d\u00e9personnaliser<\/span>,\u00a0<span style=\"font-size: 12px;\">d\u00e9sencombrer<\/span>\u00a0des pi\u00e8ces ainsi que comment\u00a0<span style=\"font-size: 12px;\">harmoniser<\/span>\u00a0le tout dans le respect d\u2019un budget minimal.<\/p><p><u>Livrable<\/u> : Je vous enverrai sous un d\u00e9lai d&#8217;une semaine <b>l&#8217;analyse<\/b> et la <b>feuille de route des<\/b>\u00a0<b>actions <\/b>\u00e0 entreprendre, qui reprendra tous les points \u00e9voqu\u00e9s ensemble et les conseils apport\u00e9s.\u00a0<\/p><p>C&#8217;est ainsi par\u00e9 que vous pourrez entreprendre sereinement le renouvellement de votre d\u00e9coration ou le home staging selon la destination que vous souhaitez pour votre bien.<\/p><p><u>Dur\u00e9e<\/u>: 2h<\/p><p><u>Tarif<\/u> : 240 \u20ac. <br \/><em>Frais de d\u00e9placement au del\u00e0 de 30 km<\/em><\/p><p>Shopping list et accompagnement en boutique pour vous conseiller dans vos achats et\/ou lors de la mise en place finale, sont \u00e9galement possible sur demande.Dans\u00a0<\/p>\t\t\t\t\t\t<\/div>\n\t\t\t\t<\/div>\n\t\t\t\t<\/div>\n\t\t\t\t\t<\/div>\n\t\t\t\t<\/div>\n\t\t<div class=\"elementor-element elementor-element-f5fe24b e-flex e-con-boxed e-con e-parent\" data-id=\"f5fe24b\" data-element_type=\"container\" data-settings=\"{&quot;content_width&quot;:&quot;boxed&quot;}\" data-core-v316-plus=\"true\">\n\t\t\t\t\t<div class=\"e-con-inner\">\n\t\t\t\t<div class=\"elementor-element elementor-element-e5b3251 elementor-widget elementor-widget-copyright\" data-id=\"e5b3251\" data-element_type=\"widget\" data-widget_type=\"copyright.default\">\n\t\t\t\t<div class=\"elementor-widget-container\">\n\t\t\t\t\t<div class=\"hfe-copyright-wrapper\">\n\t\t\t\t\t\t\t<span>Copyright \u00a9 2026 D\u00e9cor Int\u00e9rieur Paris | Powered by D\u00e9cor Int\u00e9rieur Paris<\/span>\n\t\t\t\t\t<\/div>\n\t\t\t\t<\/div>\n\t\t\t\t<\/div>\n\t\t\t\t\t<\/div>\n\t\t\t\t<\/div>\n\t\t\t\t\t\t\t<\/div>\n\t\t","protected":false},"excerpt":{"rendered":"<p>D\u00e9corateur int\u00e9rieur Paris I D\u00e9coration int\u00e9rieure Paris Conseils d\u00e9co &amp; Home staging R\u00c9ALISATIONS Rencontre en personne sur le lieu de la prestation afin de d\u00e9couvrir l&#8217;espace que vous souhaitez d\u00e9corer ou re-d\u00e9corer. Dans le cas de conseils d\u00e9co, cette rencontre me permettra de comprendre quels sont vos go\u00fbts, vos envies, vos attentes et besoins en [&hellip;]<\/p>\n","protected":false},"author":1,"featured_media":0,"parent":0,"menu_order":0,"comment_status":"closed","ping_status":"closed","template":"","meta":{"footnotes":""},"class_list":["post-24","page","type-page","status-publish","hentry","entry"],"_links":{"self":[{"href":"https:\/\/decorinterieurparis.com\/index.php\/wp-json\/wp\/v2\/pages\/24","targetHints":{"allow":["GET"]}}],"collection":[{"href":"https:\/\/decorinterieurparis.com\/index.php\/wp-json\/wp\/v2\/pages"}],"about":[{"href":"https:\/\/decorinterieurparis.com\/index.php\/wp-json\/wp\/v2\/types\/page"}],"author":[{"embeddable":true,"href":"https:\/\/decorinterieurparis.com\/index.php\/wp-json\/wp\/v2\/users\/1"}],"replies":[{"embeddable":true,"href":"https:\/\/decorinterieurparis.com\/index.php\/wp-json\/wp\/v2\/comments?post=24"}],"version-history":[{"count":38,"href":"https:\/\/decorinterieurparis.com\/index.php\/wp-json\/wp\/v2\/pages\/24\/revisions"}],"predecessor-version":[{"id":1125,"href":"https:\/\/decorinterieurparis.com\/index.php\/wp-json\/wp\/v2\/pages\/24\/revisions\/1125"}],"wp:attachment":[{"href":"https:\/\/decorinterieurparis.com\/index.php\/wp-json\/wp\/v2\/media?parent=24"}],"curies":[{"name":"wp","href":"https:\/\/api.w.org\/{rel}","templated":true}]}}