{"id":20,"date":"2023-10-24T17:33:19","date_gmt":"2023-10-24T15:33:19","guid":{"rendered":"https:\/\/decorinterieurparis.com\/?page_id=20"},"modified":"2024-12-09T22:26:16","modified_gmt":"2024-12-09T21:26:16","slug":"decoration-dinterieur","status":"publish","type":"page","link":"https:\/\/decorinterieurparis.com\/index.php\/decoration-dinterieur\/","title":{"rendered":"R\u00c9ALISATIONS"},"content":{"rendered":"\t\t<div data-elementor-type=\"wp-page\" data-elementor-id=\"20\" class=\"elementor elementor-20\">\n\t\t\t\t\t\t\t<div class=\"elementor-element elementor-element-9953e49 e-flex e-con-boxed e-con e-parent\" data-id=\"9953e49\" data-element_type=\"container\" data-settings=\"{&quot;content_width&quot;:&quot;boxed&quot;}\" data-core-v316-plus=\"true\">\n\t\t\t\t\t<div class=\"e-con-inner\">\n\t\t\t\t<div class=\"elementor-element elementor-element-3d374b6 elementor-widget elementor-widget-heading\" data-id=\"3d374b6\" data-element_type=\"widget\" data-widget_type=\"heading.default\">\n\t\t\t\t<div class=\"elementor-widget-container\">\n\t\t\t<style>\/*! elementor - v3.18.0 - 20-12-2023 *\/\n.elementor-heading-title{padding:0;margin:0;line-height:1}.elementor-widget-heading .elementor-heading-title[class*=elementor-size-]>a{color:inherit;font-size:inherit;line-height:inherit}.elementor-widget-heading .elementor-heading-title.elementor-size-small{font-size:15px}.elementor-widget-heading .elementor-heading-title.elementor-size-medium{font-size:19px}.elementor-widget-heading .elementor-heading-title.elementor-size-large{font-size:29px}.elementor-widget-heading .elementor-heading-title.elementor-size-xl{font-size:39px}.elementor-widget-heading .elementor-heading-title.elementor-size-xxl{font-size:59px}<\/style><h2 class=\"elementor-heading-title elementor-size-default\">D\u00e9corateur int\u00e9rieur Paris I D\u00e9coration int\u00e9rieure Paris <\/h2>\t\t<\/div>\n\t\t\t\t<\/div>\n\t\t\t\t\t<\/div>\n\t\t\t\t<\/div>\n\t\t<div class=\"elementor-element elementor-element-ef2c2d6 e-flex e-con-boxed e-con e-parent\" data-id=\"ef2c2d6\" data-element_type=\"container\" data-settings=\"{&quot;content_width&quot;:&quot;boxed&quot;}\" data-core-v316-plus=\"true\">\n\t\t\t\t\t<div class=\"e-con-inner\">\n\t\t<div class=\"elementor-element elementor-element-7f9dc6e e-con-full e-flex e-con e-child\" data-id=\"7f9dc6e\" data-element_type=\"container\" data-settings=\"{&quot;content_width&quot;:&quot;full&quot;}\">\n\t\t\t\t<div class=\"elementor-element elementor-element-9dc5f66 elementor-widget elementor-widget-image\" data-id=\"9dc5f66\" data-element_type=\"widget\" data-settings=\"{&quot;_animation&quot;:&quot;none&quot;}\" data-widget_type=\"image.default\">\n\t\t\t\t<div class=\"elementor-widget-container\">\n\t\t\t<style>\/*! elementor - v3.18.0 - 20-12-2023 *\/\n.elementor-widget-image{text-align:center}.elementor-widget-image a{display:inline-block}.elementor-widget-image a img[src$=\".svg\"]{width:48px}.elementor-widget-image img{vertical-align:middle;display:inline-block}<\/style>\t\t\t\t\t\t\t\t\t\t\t\t\t<a href=\"https:\/\/decorinterieurparis.com\/index.php\/decoration-dinterieur\/monsieur-haussmann\/\">\n\t\t\t\t\t\t\t<img fetchpriority=\"high\" decoding=\"async\" width=\"1024\" height=\"795\" src=\"https:\/\/decorinterieurparis.com\/wp-content\/uploads\/2023\/10\/IMG_E4769-scaled-e1698767634594-1024x795.jpg\" class=\"attachment-large size-large wp-image-71\" alt=\"\" srcset=\"https:\/\/decorinterieurparis.com\/wp-content\/uploads\/2023\/10\/IMG_E4769-scaled-e1698767634594-1024x795.jpg 1024w, https:\/\/decorinterieurparis.com\/wp-content\/uploads\/2023\/10\/IMG_E4769-scaled-e1698767634594-300x233.jpg 300w, https:\/\/decorinterieurparis.com\/wp-content\/uploads\/2023\/10\/IMG_E4769-scaled-e1698767634594-768x596.jpg 768w, https:\/\/decorinterieurparis.com\/wp-content\/uploads\/2023\/10\/IMG_E4769-scaled-e1698767634594-1536x1192.jpg 1536w, https:\/\/decorinterieurparis.com\/wp-content\/uploads\/2023\/10\/IMG_E4769-scaled-e1698767634594-2048x1589.jpg 2048w\" sizes=\"(max-width: 1024px) 100vw, 1024px\" \/>\t\t\t\t\t\t\t\t<\/a>\n\t\t\t\t\t\t\t\t\t\t\t\t\t\t\t<\/div>\n\t\t\t\t<\/div>\n\t\t\t\t<div class=\"elementor-element elementor-element-cb9e9cd elementor-widget elementor-widget-heading\" data-id=\"cb9e9cd\" data-element_type=\"widget\" data-widget_type=\"heading.default\">\n\t\t\t\t<div class=\"elementor-widget-container\">\n\t\t\t<h2 class=\"elementor-heading-title elementor-size-default\"><a href=\"https:\/\/decorinterieurparis.com\/index.php\/decoration-dinterieur\/monsieur-haussmann\/\">MONSIEUR HAUSSMANN\n<\/a><\/h2>\t\t<\/div>\n\t\t\t\t<\/div>\n\t\t\t\t<div class=\"elementor-element elementor-element-6b6dfd1 elementor-widget elementor-widget-heading\" data-id=\"6b6dfd1\" data-element_type=\"widget\" data-widget_type=\"heading.default\">\n\t\t\t\t<div class=\"elementor-widget-container\">\n\t\t\t<div class=\"elementor-heading-title elementor-size-default\">Appartement parisien  I  D\u00e9coration d'int\u00e9rieur<\/div>\t\t<\/div>\n\t\t\t\t<\/div>\n\t\t\t\t<\/div>\n\t\t<div class=\"elementor-element elementor-element-d897ba8 e-con-full e-flex e-con e-child\" data-id=\"d897ba8\" data-element_type=\"container\" data-settings=\"{&quot;content_width&quot;:&quot;full&quot;}\">\n\t\t\t\t<div class=\"elementor-element elementor-element-3dc3a10 elementor-widget elementor-widget-image\" data-id=\"3dc3a10\" data-element_type=\"widget\" data-widget_type=\"image.default\">\n\t\t\t\t<div class=\"elementor-widget-container\">\n\t\t\t\t\t\t\t\t\t\t\t\t\t\t\t\t<a href=\"https:\/\/decorinterieurparis.com\/index.php\/la-serenissime\/\">\n\t\t\t\t\t\t\t<img decoding=\"async\" width=\"991\" height=\"1024\" src=\"https:\/\/decorinterieurparis.com\/wp-content\/uploads\/2023\/10\/IMG_E4735-scaled-e1698768125281-991x1024.jpg\" class=\"attachment-large size-large wp-image-72\" alt=\"\" srcset=\"https:\/\/decorinterieurparis.com\/wp-content\/uploads\/2023\/10\/IMG_E4735-scaled-e1698768125281-991x1024.jpg 991w, https:\/\/decorinterieurparis.com\/wp-content\/uploads\/2023\/10\/IMG_E4735-scaled-e1698768125281-290x300.jpg 290w, https:\/\/decorinterieurparis.com\/wp-content\/uploads\/2023\/10\/IMG_E4735-scaled-e1698768125281-768x794.jpg 768w, https:\/\/decorinterieurparis.com\/wp-content\/uploads\/2023\/10\/IMG_E4735-scaled-e1698768125281-1486x1536.jpg 1486w, https:\/\/decorinterieurparis.com\/wp-content\/uploads\/2023\/10\/IMG_E4735-scaled-e1698768125281.jpg 1856w\" sizes=\"(max-width: 991px) 100vw, 991px\" \/>\t\t\t\t\t\t\t\t<\/a>\n\t\t\t\t\t\t\t\t\t\t\t\t\t\t\t<\/div>\n\t\t\t\t<\/div>\n\t\t\t\t<div class=\"elementor-element elementor-element-76fc799 elementor-widget elementor-widget-heading\" data-id=\"76fc799\" data-element_type=\"widget\" data-widget_type=\"heading.default\">\n\t\t\t\t<div class=\"elementor-widget-container\">\n\t\t\t<h2 class=\"elementor-heading-title elementor-size-default\"><a href=\"https:\/\/decorinterieurparis.com\/index.php\/la-serenissime\/\">La S\u00e9r\u00e9nissime<\/a><\/h2>\t\t<\/div>\n\t\t\t\t<\/div>\n\t\t\t\t<div class=\"elementor-element elementor-element-dba9e66 elementor-widget elementor-widget-heading\" data-id=\"dba9e66\" data-element_type=\"widget\" data-widget_type=\"heading.default\">\n\t\t\t\t<div class=\"elementor-widget-container\">\n\t\t\t<div class=\"elementor-heading-title elementor-size-default\">Appartement parisien  I  D\u00e9coration d'int\u00e9rieur<\/div>\t\t<\/div>\n\t\t\t\t<\/div>\n\t\t\t\t<\/div>\n\t\t\t\t\t<\/div>\n\t\t\t\t<\/div>\n\t\t<div class=\"elementor-element elementor-element-a432268 e-flex e-con-boxed e-con e-parent\" data-id=\"a432268\" data-element_type=\"container\" data-settings=\"{&quot;content_width&quot;:&quot;boxed&quot;}\" data-core-v316-plus=\"true\">\n\t\t\t\t\t<div class=\"e-con-inner\">\n\t\t<div class=\"elementor-element elementor-element-84030b6 e-con-full e-flex e-con e-child\" data-id=\"84030b6\" data-element_type=\"container\" data-settings=\"{&quot;content_width&quot;:&quot;full&quot;}\">\n\t\t\t\t<div class=\"elementor-element elementor-element-074d61e elementor-widget elementor-widget-image\" data-id=\"074d61e\" data-element_type=\"widget\" data-widget_type=\"image.default\">\n\t\t\t\t<div class=\"elementor-widget-container\">\n\t\t\t\t\t\t\t\t\t\t\t\t\t\t\t\t<a href=\"https:\/\/decorinterieurparis.com\/index.php\/design-by-design\/\">\n\t\t\t\t\t\t\t<img decoding=\"async\" width=\"982\" height=\"1024\" src=\"https:\/\/decorinterieurparis.com\/wp-content\/uploads\/2023\/10\/8-e1698770289626-982x1024.jpg\" class=\"attachment-large size-large wp-image-73\" alt=\"\" srcset=\"https:\/\/decorinterieurparis.com\/wp-content\/uploads\/2023\/10\/8-e1698770289626-982x1024.jpg 982w, https:\/\/decorinterieurparis.com\/wp-content\/uploads\/2023\/10\/8-e1698770289626-288x300.jpg 288w, https:\/\/decorinterieurparis.com\/wp-content\/uploads\/2023\/10\/8-e1698770289626-768x801.jpg 768w, https:\/\/decorinterieurparis.com\/wp-content\/uploads\/2023\/10\/8-e1698770289626-1474x1536.jpg 1474w, https:\/\/decorinterieurparis.com\/wp-content\/uploads\/2023\/10\/8-e1698770289626.jpg 1536w\" sizes=\"(max-width: 982px) 100vw, 982px\" \/>\t\t\t\t\t\t\t\t<\/a>\n\t\t\t\t\t\t\t\t\t\t\t\t\t\t\t<\/div>\n\t\t\t\t<\/div>\n\t\t\t\t<div class=\"elementor-element elementor-element-361cb26 elementor-widget elementor-widget-heading\" data-id=\"361cb26\" data-element_type=\"widget\" data-widget_type=\"heading.default\">\n\t\t\t\t<div class=\"elementor-widget-container\">\n\t\t\t<h2 class=\"elementor-heading-title elementor-size-default\"><a href=\"https:\/\/decorinterieurparis.com\/index.php\/design-by-design\/\">DESIGN By DESIGN<\/a><\/h2>\t\t<\/div>\n\t\t\t\t<\/div>\n\t\t<div class=\"elementor-element elementor-element-f5c7c47 e-con-full e-flex e-con e-child\" data-id=\"f5c7c47\" data-element_type=\"container\" data-settings=\"{&quot;content_width&quot;:&quot;full&quot;}\">\n\t\t\t\t<div class=\"elementor-element elementor-element-6a7ed53 elementor-widget elementor-widget-heading\" data-id=\"6a7ed53\" data-element_type=\"widget\" data-widget_type=\"heading.default\">\n\t\t\t\t<div class=\"elementor-widget-container\">\n\t\t\t<div class=\"elementor-heading-title elementor-size-default\">Appartement parisien  I  <span style=\"font-family: Helvetica, sans-serif; font-size: 14px; font-style: italic; font-variant-caps: normal; letter-spacing: 0.7px;\">Agencement &amp; <\/span>D\u00e9coration d'int\u00e9rieur <\/div>\t\t<\/div>\n\t\t\t\t<\/div>\n\t\t\t\t<\/div>\n\t\t\t\t<\/div>\n\t\t<div class=\"elementor-element elementor-element-d26a010 e-con-full e-flex e-con e-child\" data-id=\"d26a010\" data-element_type=\"container\" data-settings=\"{&quot;content_width&quot;:&quot;full&quot;}\">\n\t\t\t\t<div class=\"elementor-element elementor-element-acbb04a elementor-widget elementor-widget-image\" data-id=\"acbb04a\" data-element_type=\"widget\" data-widget_type=\"image.default\">\n\t\t\t\t<div class=\"elementor-widget-container\">\n\t\t\t\t\t\t\t\t\t\t\t\t\t\t\t\t<a href=\"https:\/\/decorinterieurparis.com\/index.php\/elementor-1212\/\">\n\t\t\t\t\t\t\t<img loading=\"lazy\" decoding=\"async\" width=\"768\" height=\"1024\" src=\"https:\/\/decorinterieurparis.com\/wp-content\/uploads\/2024\/12\/IMG_1428-768x1024.jpeg\" class=\"attachment-large size-large wp-image-1161\" alt=\"\" srcset=\"https:\/\/decorinterieurparis.com\/wp-content\/uploads\/2024\/12\/IMG_1428-768x1024.jpeg 768w, https:\/\/decorinterieurparis.com\/wp-content\/uploads\/2024\/12\/IMG_1428-225x300.jpeg 225w, https:\/\/decorinterieurparis.com\/wp-content\/uploads\/2024\/12\/IMG_1428-1152x1536.jpeg 1152w, https:\/\/decorinterieurparis.com\/wp-content\/uploads\/2024\/12\/IMG_1428-1536x2048.jpeg 1536w, https:\/\/decorinterieurparis.com\/wp-content\/uploads\/2024\/12\/IMG_1428-scaled.jpeg 1920w\" sizes=\"(max-width: 768px) 100vw, 768px\" \/>\t\t\t\t\t\t\t\t<\/a>\n\t\t\t\t\t\t\t\t\t\t\t\t\t\t\t<\/div>\n\t\t\t\t<\/div>\n\t\t\t\t<div class=\"elementor-element elementor-element-79969aa elementor-widget elementor-widget-heading\" data-id=\"79969aa\" data-element_type=\"widget\" data-widget_type=\"heading.default\">\n\t\t\t\t<div class=\"elementor-widget-container\">\n\t\t\t<h2 class=\"elementor-heading-title elementor-size-default\"><a href=\"https:\/\/decorinterieurparis.com\/index.php\/elementor-1212\/\">CARACALLA<\/a><\/h2>\t\t<\/div>\n\t\t\t\t<\/div>\n\t\t\t\t<div class=\"elementor-element elementor-element-adfbe8c elementor-widget elementor-widget-heading\" data-id=\"adfbe8c\" data-element_type=\"widget\" data-widget_type=\"heading.default\">\n\t\t\t\t<div class=\"elementor-widget-container\">\n\t\t\t<div class=\"elementor-heading-title elementor-size-default\">Appartement parisien I Agencement &amp; D\u00e9coration d'int\u00e9rieur<\/div>\t\t<\/div>\n\t\t\t\t<\/div>\n\t\t\t\t<\/div>\n\t\t\t\t\t<\/div>\n\t\t\t\t<\/div>\n\t\t<div class=\"elementor-element elementor-element-b257114 e-flex e-con-boxed e-con e-parent\" data-id=\"b257114\" data-element_type=\"container\" data-settings=\"{&quot;content_width&quot;:&quot;boxed&quot;}\" data-core-v316-plus=\"true\">\n\t\t\t\t\t<div class=\"e-con-inner\">\n\t\t\t\t<div class=\"elementor-element elementor-element-88fb652 elementor-align-center elementor-widget elementor-widget-button\" data-id=\"88fb652\" data-element_type=\"widget\" data-widget_type=\"button.default\">\n\t\t\t\t<div class=\"elementor-widget-container\">\n\t\t\t\t\t<div class=\"elementor-button-wrapper\">\n\t\t\t<a class=\"elementor-button elementor-button-link elementor-size-sm\" href=\"https:\/\/decorinterieurparis.com\/index.php\/nos-prestations-2\/\">\n\t\t\t\t\t\t<span class=\"elementor-button-content-wrapper\">\n\t\t\t\t\t\t<span class=\"elementor-button-text\">PRESTATIONS<\/span>\n\t\t<\/span>\n\t\t\t\t\t<\/a>\n\t\t<\/div>\n\t\t\t\t<\/div>\n\t\t\t\t<\/div>\n\t\t\t\t\t<\/div>\n\t\t\t\t<\/div>\n\t\t<div class=\"elementor-element elementor-element-ef8a2de e-flex e-con-boxed e-con e-parent\" data-id=\"ef8a2de\" data-element_type=\"container\" data-settings=\"{&quot;content_width&quot;:&quot;boxed&quot;}\" data-core-v316-plus=\"true\">\n\t\t\t\t\t<div class=\"e-con-inner\">\n\t\t\t\t<div class=\"elementor-element elementor-element-81d2eb9 elementor-widget elementor-widget-copyright\" data-id=\"81d2eb9\" data-element_type=\"widget\" data-widget_type=\"copyright.default\">\n\t\t\t\t<div class=\"elementor-widget-container\">\n\t\t\t\t\t<div class=\"hfe-copyright-wrapper\">\n\t\t\t\t\t\t\t<span>Copyright \u00a9 2026 D\u00e9cor Int\u00e9rieur Paris | Powered by D\u00e9cor Int\u00e9rieur Paris<\/span>\n\t\t\t\t\t<\/div>\n\t\t\t\t<\/div>\n\t\t\t\t<\/div>\n\t\t\t\t\t<\/div>\n\t\t\t\t<\/div>\n\t\t\t\t\t\t\t<\/div>\n\t\t","protected":false},"excerpt":{"rendered":"<p>D\u00e9corateur int\u00e9rieur Paris I D\u00e9coration int\u00e9rieure Paris MONSIEUR HAUSSMANN Appartement parisien I D\u00e9coration d&#8217;int\u00e9rieur La S\u00e9r\u00e9nissime Appartement parisien I D\u00e9coration d&#8217;int\u00e9rieur DESIGN By DESIGN Appartement parisien I Agencement &amp; D\u00e9coration d&#8217;int\u00e9rieur CARACALLA Appartement parisien I Agencement &amp; D\u00e9coration d&#8217;int\u00e9rieur PRESTATIONS Copyright \u00a9 | Powered by<\/p>\n","protected":false},"author":1,"featured_media":0,"parent":0,"menu_order":0,"comment_status":"closed","ping_status":"closed","template":"","meta":{"footnotes":""},"class_list":["post-20","page","type-page","status-publish","hentry","entry"],"_links":{"self":[{"href":"https:\/\/decorinterieurparis.com\/index.php\/wp-json\/wp\/v2\/pages\/20","targetHints":{"allow":["GET"]}}],"collection":[{"href":"https:\/\/decorinterieurparis.com\/index.php\/wp-json\/wp\/v2\/pages"}],"about":[{"href":"https:\/\/decorinterieurparis.com\/index.php\/wp-json\/wp\/v2\/types\/page"}],"author":[{"embeddable":true,"href":"https:\/\/decorinterieurparis.com\/index.php\/wp-json\/wp\/v2\/users\/1"}],"replies":[{"embeddable":true,"href":"https:\/\/decorinterieurparis.com\/index.php\/wp-json\/wp\/v2\/comments?post=20"}],"version-history":[{"count":130,"href":"https:\/\/decorinterieurparis.com\/index.php\/wp-json\/wp\/v2\/pages\/20\/revisions"}],"predecessor-version":[{"id":1232,"href":"https:\/\/decorinterieurparis.com\/index.php\/wp-json\/wp\/v2\/pages\/20\/revisions\/1232"}],"wp:attachment":[{"href":"https:\/\/decorinterieurparis.com\/index.php\/wp-json\/wp\/v2\/media?parent=20"}],"curies":[{"name":"wp","href":"https:\/\/api.w.org\/{rel}","templated":true}]}}