{"id":152,"date":"2023-10-31T17:46:18","date_gmt":"2023-10-31T16:46:18","guid":{"rendered":"https:\/\/decorinterieurparis.com\/?page_id=152"},"modified":"2024-11-07T18:30:23","modified_gmt":"2024-11-07T17:30:23","slug":"design-by-design","status":"publish","type":"page","link":"https:\/\/decorinterieurparis.com\/index.php\/design-by-design\/","title":{"rendered":"DESIGN by DESIGN"},"content":{"rendered":"\t\t<div data-elementor-type=\"wp-page\" data-elementor-id=\"152\" class=\"elementor elementor-152\">\n\t\t\t\t\t\t\t<div class=\"elementor-element elementor-element-d18fdae e-flex e-con-boxed e-con e-parent\" data-id=\"d18fdae\" data-element_type=\"container\" data-settings=\"{&quot;content_width&quot;:&quot;boxed&quot;}\" data-core-v316-plus=\"true\">\n\t\t\t\t\t<div class=\"e-con-inner\">\n\t\t\t\t<div class=\"elementor-element elementor-element-078b0d8 elementor-widget elementor-widget-heading\" data-id=\"078b0d8\" data-element_type=\"widget\" data-widget_type=\"heading.default\">\n\t\t\t\t<div class=\"elementor-widget-container\">\n\t\t\t<style>\/*! elementor - v3.18.0 - 20-12-2023 *\/\n.elementor-heading-title{padding:0;margin:0;line-height:1}.elementor-widget-heading .elementor-heading-title[class*=elementor-size-]>a{color:inherit;font-size:inherit;line-height:inherit}.elementor-widget-heading .elementor-heading-title.elementor-size-small{font-size:15px}.elementor-widget-heading .elementor-heading-title.elementor-size-medium{font-size:19px}.elementor-widget-heading .elementor-heading-title.elementor-size-large{font-size:29px}.elementor-widget-heading .elementor-heading-title.elementor-size-xl{font-size:39px}.elementor-widget-heading .elementor-heading-title.elementor-size-xxl{font-size:59px}<\/style><h2 class=\"elementor-heading-title elementor-size-default\">D\u00e9corateur int\u00e9rieur Paris I D\u00e9coration int\u00e9rieure Paris <\/h2>\t\t<\/div>\n\t\t\t\t<\/div>\n\t\t\t\t\t<\/div>\n\t\t\t\t<\/div>\n\t\t<div class=\"elementor-element elementor-element-67ff85b e-flex e-con-boxed e-con e-parent\" data-id=\"67ff85b\" data-element_type=\"container\" data-settings=\"{&quot;content_width&quot;:&quot;boxed&quot;}\" data-core-v316-plus=\"true\">\n\t\t\t\t\t<div class=\"e-con-inner\">\n\t\t\t\t<div class=\"elementor-element elementor-element-642f653 elementor-widget elementor-widget-image\" data-id=\"642f653\" data-element_type=\"widget\" data-widget_type=\"image.default\">\n\t\t\t\t<div class=\"elementor-widget-container\">\n\t\t\t<style>\/*! elementor - v3.18.0 - 20-12-2023 *\/\n.elementor-widget-image{text-align:center}.elementor-widget-image a{display:inline-block}.elementor-widget-image a img[src$=\".svg\"]{width:48px}.elementor-widget-image img{vertical-align:middle;display:inline-block}<\/style>\t\t\t\t\t\t\t\t\t\t\t\t<img fetchpriority=\"high\" decoding=\"async\" width=\"2048\" height=\"1535\" src=\"https:\/\/decorinterieurparis.com\/wp-content\/uploads\/2023\/10\/3.jpg\" class=\"attachment-2048x2048 size-2048x2048 wp-image-46\" alt=\"\" srcset=\"https:\/\/decorinterieurparis.com\/wp-content\/uploads\/2023\/10\/3.jpg 2049w, https:\/\/decorinterieurparis.com\/wp-content\/uploads\/2023\/10\/3-300x225.jpg 300w, https:\/\/decorinterieurparis.com\/wp-content\/uploads\/2023\/10\/3-1024x768.jpg 1024w, https:\/\/decorinterieurparis.com\/wp-content\/uploads\/2023\/10\/3-768x576.jpg 768w, https:\/\/decorinterieurparis.com\/wp-content\/uploads\/2023\/10\/3-1536x1151.jpg 1536w\" sizes=\"(max-width: 2048px) 100vw, 2048px\" \/>\t\t\t\t\t\t\t\t\t\t\t\t\t\t\t<\/div>\n\t\t\t\t<\/div>\n\t\t\t\t\t<\/div>\n\t\t\t\t<\/div>\n\t\t<div class=\"elementor-element elementor-element-157174a e-flex e-con-boxed e-con e-parent\" data-id=\"157174a\" data-element_type=\"container\" data-settings=\"{&quot;content_width&quot;:&quot;boxed&quot;}\" data-core-v316-plus=\"true\">\n\t\t\t\t\t<div class=\"e-con-inner\">\n\t\t<div class=\"elementor-element elementor-element-9c8adcf e-con-full e-flex e-con e-child\" data-id=\"9c8adcf\" data-element_type=\"container\" data-settings=\"{&quot;content_width&quot;:&quot;full&quot;}\">\n\t\t\t\t<div class=\"elementor-element elementor-element-a8b598b elementor-widget-divider--view-line elementor-widget elementor-widget-divider\" data-id=\"a8b598b\" data-element_type=\"widget\" data-widget_type=\"divider.default\">\n\t\t\t\t<div class=\"elementor-widget-container\">\n\t\t\t<style>\/*! elementor - v3.18.0 - 20-12-2023 *\/\n.elementor-widget-divider{--divider-border-style:none;--divider-border-width:1px;--divider-color:#0c0d0e;--divider-icon-size:20px;--divider-element-spacing:10px;--divider-pattern-height:24px;--divider-pattern-size:20px;--divider-pattern-url:none;--divider-pattern-repeat:repeat-x}.elementor-widget-divider .elementor-divider{display:flex}.elementor-widget-divider .elementor-divider__text{font-size:15px;line-height:1;max-width:95%}.elementor-widget-divider .elementor-divider__element{margin:0 var(--divider-element-spacing);flex-shrink:0}.elementor-widget-divider .elementor-icon{font-size:var(--divider-icon-size)}.elementor-widget-divider .elementor-divider-separator{display:flex;margin:0;direction:ltr}.elementor-widget-divider--view-line_icon .elementor-divider-separator,.elementor-widget-divider--view-line_text .elementor-divider-separator{align-items:center}.elementor-widget-divider--view-line_icon .elementor-divider-separator:after,.elementor-widget-divider--view-line_icon .elementor-divider-separator:before,.elementor-widget-divider--view-line_text .elementor-divider-separator:after,.elementor-widget-divider--view-line_text .elementor-divider-separator:before{display:block;content:\"\";border-bottom:0;flex-grow:1;border-top:var(--divider-border-width) var(--divider-border-style) var(--divider-color)}.elementor-widget-divider--element-align-left .elementor-divider .elementor-divider-separator>.elementor-divider__svg:first-of-type{flex-grow:0;flex-shrink:100}.elementor-widget-divider--element-align-left .elementor-divider-separator:before{content:none}.elementor-widget-divider--element-align-left .elementor-divider__element{margin-left:0}.elementor-widget-divider--element-align-right .elementor-divider .elementor-divider-separator>.elementor-divider__svg:last-of-type{flex-grow:0;flex-shrink:100}.elementor-widget-divider--element-align-right .elementor-divider-separator:after{content:none}.elementor-widget-divider--element-align-right .elementor-divider__element{margin-right:0}.elementor-widget-divider:not(.elementor-widget-divider--view-line_text):not(.elementor-widget-divider--view-line_icon) .elementor-divider-separator{border-top:var(--divider-border-width) var(--divider-border-style) var(--divider-color)}.elementor-widget-divider--separator-type-pattern{--divider-border-style:none}.elementor-widget-divider--separator-type-pattern.elementor-widget-divider--view-line .elementor-divider-separator,.elementor-widget-divider--separator-type-pattern:not(.elementor-widget-divider--view-line) .elementor-divider-separator:after,.elementor-widget-divider--separator-type-pattern:not(.elementor-widget-divider--view-line) .elementor-divider-separator:before,.elementor-widget-divider--separator-type-pattern:not([class*=elementor-widget-divider--view]) .elementor-divider-separator{width:100%;min-height:var(--divider-pattern-height);-webkit-mask-size:var(--divider-pattern-size) 100%;mask-size:var(--divider-pattern-size) 100%;-webkit-mask-repeat:var(--divider-pattern-repeat);mask-repeat:var(--divider-pattern-repeat);background-color:var(--divider-color);-webkit-mask-image:var(--divider-pattern-url);mask-image:var(--divider-pattern-url)}.elementor-widget-divider--no-spacing{--divider-pattern-size:auto}.elementor-widget-divider--bg-round{--divider-pattern-repeat:round}.rtl .elementor-widget-divider .elementor-divider__text{direction:rtl}.e-con-inner>.elementor-widget-divider,.e-con>.elementor-widget-divider{width:var(--container-widget-width,100%);--flex-grow:var(--container-widget-flex-grow)}<\/style>\t\t<div class=\"elementor-divider\">\n\t\t\t<span class=\"elementor-divider-separator\">\n\t\t\t\t\t\t<\/span>\n\t\t<\/div>\n\t\t\t\t<\/div>\n\t\t\t\t<\/div>\n\t\t\t\t<\/div>\n\t\t<div class=\"elementor-element elementor-element-8f1ab94 e-con-full e-flex e-con e-child\" data-id=\"8f1ab94\" data-element_type=\"container\" data-settings=\"{&quot;content_width&quot;:&quot;full&quot;}\">\n\t\t\t\t<div class=\"elementor-element elementor-element-a0f1ce0 elementor-widget elementor-widget-heading\" data-id=\"a0f1ce0\" data-element_type=\"widget\" data-widget_type=\"heading.default\">\n\t\t\t\t<div class=\"elementor-widget-container\">\n\t\t\t<h2 class=\"elementor-heading-title elementor-size-default\">LE PROJET<\/h2>\t\t<\/div>\n\t\t\t\t<\/div>\n\t\t\t\t<\/div>\n\t\t<div class=\"elementor-element elementor-element-73f3db1 e-con-full e-flex e-con e-child\" data-id=\"73f3db1\" data-element_type=\"container\" data-settings=\"{&quot;content_width&quot;:&quot;full&quot;}\">\n\t\t\t\t<div class=\"elementor-element elementor-element-36d4464 elementor-widget-divider--view-line elementor-widget elementor-widget-divider\" data-id=\"36d4464\" data-element_type=\"widget\" data-widget_type=\"divider.default\">\n\t\t\t\t<div class=\"elementor-widget-container\">\n\t\t\t\t\t<div class=\"elementor-divider\">\n\t\t\t<span class=\"elementor-divider-separator\">\n\t\t\t\t\t\t<\/span>\n\t\t<\/div>\n\t\t\t\t<\/div>\n\t\t\t\t<\/div>\n\t\t\t\t<\/div>\n\t\t\t\t\t<\/div>\n\t\t\t\t<\/div>\n\t\t<div class=\"elementor-element elementor-element-005f9f9 e-flex e-con-boxed e-con e-parent\" data-id=\"005f9f9\" data-element_type=\"container\" data-settings=\"{&quot;content_width&quot;:&quot;boxed&quot;}\" data-core-v316-plus=\"true\">\n\t\t\t\t\t<div class=\"e-con-inner\">\n\t\t\t\t<div class=\"elementor-element elementor-element-3da21ec elementor-widget elementor-widget-heading\" data-id=\"3da21ec\" data-element_type=\"widget\" data-widget_type=\"heading.default\">\n\t\t\t\t<div class=\"elementor-widget-container\">\n\t\t\t<h2 class=\"elementor-heading-title elementor-size-default\">R\u00e9novation int\u00e9grale d'une cuisine au style r\u00e9solument contemporain<\/h2>\t\t<\/div>\n\t\t\t\t<\/div>\n\t\t\t\t<div class=\"elementor-element elementor-element-d4b2246 elementor-drop-cap-yes elementor-drop-cap-view-default elementor-widget elementor-widget-text-editor\" data-id=\"d4b2246\" data-element_type=\"widget\" data-settings=\"{&quot;drop_cap&quot;:&quot;yes&quot;}\" data-widget_type=\"text-editor.default\">\n\t\t\t\t<div class=\"elementor-widget-container\">\n\t\t\t<style>\/*! elementor - v3.18.0 - 20-12-2023 *\/\n.elementor-widget-text-editor.elementor-drop-cap-view-stacked .elementor-drop-cap{background-color:#69727d;color:#fff}.elementor-widget-text-editor.elementor-drop-cap-view-framed .elementor-drop-cap{color:#69727d;border:3px solid;background-color:transparent}.elementor-widget-text-editor:not(.elementor-drop-cap-view-default) .elementor-drop-cap{margin-top:8px}.elementor-widget-text-editor:not(.elementor-drop-cap-view-default) .elementor-drop-cap-letter{width:1em;height:1em}.elementor-widget-text-editor .elementor-drop-cap{float:left;text-align:center;line-height:1;font-size:50px}.elementor-widget-text-editor .elementor-drop-cap-letter{display:inline-block}<\/style>\t\t\t\t<p>Du sol au plafond en passant par l&#8217;agencement, les volumes et les mati\u00e8res, cette cuisine d&#8217;appartement parisien a \u00e9t\u00e9 int\u00e9gralement repens\u00e9e pour une organisation et une flexibilit\u00e9 optimale.\u00a0<\/p><p>Un carrelage en c\u00e9ramique imitation parquet \u00e0 chevrons ainsi que des cimaises aux murs apportent la touche haussmanienne souhait\u00e9e par les propri\u00e9taires, tandis que les \u00e9l\u00e9ments de cuisine design et minimaliste dot\u00e9s d&#8217;un \u00e9lectrom\u00e9nager high tech viennent insuffler une modernit\u00e9 \u00e0 l&#8217;ensemble du projet.<\/p><p>La palette de couleurs &#8211; taupe, blanc, noir et brun &#8211; ainsi que les diff\u00e9rentes mati\u00e8res dont cette magnifique c\u00e9ramique imitation marbre Calacatta du plan de travail conf\u00e8rent \u00e0 l&#8217;ensemble toute son harmonie. Pour cette cuisine aux volumes modestes, des placards \u00e0 tiroirs int\u00e9gr\u00e9s permettent un am\u00e9nagement id\u00e9al ainsi que des fa\u00e7ades push (sans poign\u00e9es) pour un visuel des plus ordonn\u00e9s.<\/p><p>Le choix des \u00e9clairages, r\u00e9solument personnel, offre plusieurs possibilit\u00e9s et ambiances, des appliques design OCCHIO au syst\u00e8me de rail LED en passant par un plafonnier \u00e0 double spots orientables, ne reste plus qu&#8217;\u00e0 se parer d&#8217;un tablier!<\/p>\t\t\t\t\t\t<\/div>\n\t\t\t\t<\/div>\n\t\t\t\t\t<\/div>\n\t\t\t\t<\/div>\n\t\t<div class=\"elementor-element elementor-element-f8cffe7 e-flex e-con-boxed e-con e-parent\" data-id=\"f8cffe7\" data-element_type=\"container\" data-settings=\"{&quot;content_width&quot;:&quot;boxed&quot;}\" data-core-v316-plus=\"true\">\n\t\t\t\t\t<div class=\"e-con-inner\">\n\t\t<div class=\"elementor-element elementor-element-f9bd8a4 e-con-full e-flex e-con e-child\" data-id=\"f9bd8a4\" data-element_type=\"container\" data-settings=\"{&quot;content_width&quot;:&quot;full&quot;}\">\n\t\t\t\t<div class=\"elementor-element elementor-element-3faee41 elementor-widget elementor-widget-image\" data-id=\"3faee41\" data-element_type=\"widget\" data-widget_type=\"image.default\">\n\t\t\t\t<div class=\"elementor-widget-container\">\n\t\t\t\t\t\t\t\t\t\t\t\t\t\t\t<img decoding=\"async\" width=\"768\" height=\"1024\" src=\"https:\/\/decorinterieurparis.com\/wp-content\/uploads\/2023\/11\/IMG_2486-768x1024.jpeg\" class=\"attachment-large size-large wp-image-734\" alt=\"\" srcset=\"https:\/\/decorinterieurparis.com\/wp-content\/uploads\/2023\/11\/IMG_2486-768x1024.jpeg 768w, https:\/\/decorinterieurparis.com\/wp-content\/uploads\/2023\/11\/IMG_2486-225x300.jpeg 225w, https:\/\/decorinterieurparis.com\/wp-content\/uploads\/2023\/11\/IMG_2486-1152x1536.jpeg 1152w, https:\/\/decorinterieurparis.com\/wp-content\/uploads\/2023\/11\/IMG_2486.jpeg 1537w\" sizes=\"(max-width: 768px) 100vw, 768px\" \/>\t\t\t\t\t\t\t\t\t\t\t\t\t\t\t<\/div>\n\t\t\t\t<\/div>\n\t\t\t\t<\/div>\n\t\t<div class=\"elementor-element elementor-element-4a06491 e-con-full e-flex e-con e-child\" data-id=\"4a06491\" data-element_type=\"container\" data-settings=\"{&quot;content_width&quot;:&quot;full&quot;}\">\n\t\t\t\t<div class=\"elementor-element elementor-element-e0625d4 elementor-widget elementor-widget-image\" data-id=\"e0625d4\" data-element_type=\"widget\" data-widget_type=\"image.default\">\n\t\t\t\t<div class=\"elementor-widget-container\">\n\t\t\t\t\t\t\t\t\t\t\t\t\t\t\t<img decoding=\"async\" width=\"768\" height=\"1024\" src=\"https:\/\/decorinterieurparis.com\/wp-content\/uploads\/2023\/11\/IMG_2285-768x1024.jpeg\" class=\"attachment-large size-large wp-image-729\" alt=\"\" srcset=\"https:\/\/decorinterieurparis.com\/wp-content\/uploads\/2023\/11\/IMG_2285-768x1025.jpeg 768w, https:\/\/decorinterieurparis.com\/wp-content\/uploads\/2023\/11\/IMG_2285-225x300.jpeg 225w, https:\/\/decorinterieurparis.com\/wp-content\/uploads\/2023\/11\/IMG_2285-1151x1536.jpeg 1151w, https:\/\/decorinterieurparis.com\/wp-content\/uploads\/2023\/11\/IMG_2285.jpeg 1536w\" sizes=\"(max-width: 768px) 100vw, 768px\" \/>\t\t\t\t\t\t\t\t\t\t\t\t\t\t\t<\/div>\n\t\t\t\t<\/div>\n\t\t\t\t<\/div>\n\t\t<div class=\"elementor-element elementor-element-e2c0347 e-con-full e-flex e-con e-child\" data-id=\"e2c0347\" data-element_type=\"container\" data-settings=\"{&quot;content_width&quot;:&quot;full&quot;}\">\n\t\t\t\t<div class=\"elementor-element elementor-element-a8f3908 elementor-widget elementor-widget-image\" data-id=\"a8f3908\" data-element_type=\"widget\" data-widget_type=\"image.default\">\n\t\t\t\t<div class=\"elementor-widget-container\">\n\t\t\t\t\t\t\t\t\t\t\t\t\t\t\t<img loading=\"lazy\" decoding=\"async\" width=\"768\" height=\"1024\" src=\"https:\/\/decorinterieurparis.com\/wp-content\/uploads\/2023\/11\/IMG_2281-768x1024.jpeg\" class=\"attachment-large size-large wp-image-725\" alt=\"\" srcset=\"https:\/\/decorinterieurparis.com\/wp-content\/uploads\/2023\/11\/IMG_2281-768x1025.jpeg 768w, https:\/\/decorinterieurparis.com\/wp-content\/uploads\/2023\/11\/IMG_2281-225x300.jpeg 225w, https:\/\/decorinterieurparis.com\/wp-content\/uploads\/2023\/11\/IMG_2281-1151x1536.jpeg 1151w, https:\/\/decorinterieurparis.com\/wp-content\/uploads\/2023\/11\/IMG_2281.jpeg 1536w\" sizes=\"(max-width: 768px) 100vw, 768px\" \/>\t\t\t\t\t\t\t\t\t\t\t\t\t\t\t<\/div>\n\t\t\t\t<\/div>\n\t\t\t\t<\/div>\n\t\t\t\t\t<\/div>\n\t\t\t\t<\/div>\n\t\t<div class=\"elementor-element elementor-element-e561265 e-flex e-con-boxed e-con e-parent\" data-id=\"e561265\" data-element_type=\"container\" data-settings=\"{&quot;content_width&quot;:&quot;boxed&quot;}\" data-core-v316-plus=\"true\">\n\t\t\t\t\t<div class=\"e-con-inner\">\n\t\t<div class=\"elementor-element elementor-element-68a947b e-con-full e-flex e-con e-child\" data-id=\"68a947b\" data-element_type=\"container\" data-settings=\"{&quot;content_width&quot;:&quot;full&quot;}\">\n\t\t\t\t<div class=\"elementor-element elementor-element-84bf9d8 elementor-widget elementor-widget-image\" data-id=\"84bf9d8\" data-element_type=\"widget\" data-widget_type=\"image.default\">\n\t\t\t\t<div class=\"elementor-widget-container\">\n\t\t\t\t\t\t\t\t\t\t\t\t\t\t\t<img loading=\"lazy\" decoding=\"async\" width=\"768\" height=\"1024\" src=\"https:\/\/decorinterieurparis.com\/wp-content\/uploads\/2023\/11\/IMG_2284-768x1024.jpeg\" class=\"attachment-large size-large wp-image-728\" alt=\"\" srcset=\"https:\/\/decorinterieurparis.com\/wp-content\/uploads\/2023\/11\/IMG_2284-768x1025.jpeg 768w, https:\/\/decorinterieurparis.com\/wp-content\/uploads\/2023\/11\/IMG_2284-225x300.jpeg 225w, https:\/\/decorinterieurparis.com\/wp-content\/uploads\/2023\/11\/IMG_2284-1151x1536.jpeg 1151w, https:\/\/decorinterieurparis.com\/wp-content\/uploads\/2023\/11\/IMG_2284.jpeg 1536w\" sizes=\"(max-width: 768px) 100vw, 768px\" \/>\t\t\t\t\t\t\t\t\t\t\t\t\t\t\t<\/div>\n\t\t\t\t<\/div>\n\t\t\t\t<\/div>\n\t\t<div class=\"elementor-element elementor-element-6c5888b e-con-full e-flex e-con e-child\" data-id=\"6c5888b\" data-element_type=\"container\" data-settings=\"{&quot;content_width&quot;:&quot;full&quot;}\">\n\t\t\t\t<div class=\"elementor-element elementor-element-9c71355 elementor-widget elementor-widget-image\" data-id=\"9c71355\" data-element_type=\"widget\" data-widget_type=\"image.default\">\n\t\t\t\t<div class=\"elementor-widget-container\">\n\t\t\t\t\t\t\t\t\t\t\t\t\t\t\t<img loading=\"lazy\" decoding=\"async\" width=\"768\" height=\"1024\" src=\"https:\/\/decorinterieurparis.com\/wp-content\/uploads\/2023\/11\/IMG_2287-768x1024.jpeg\" class=\"attachment-large size-large wp-image-731\" alt=\"\" srcset=\"https:\/\/decorinterieurparis.com\/wp-content\/uploads\/2023\/11\/IMG_2287-768x1025.jpeg 768w, https:\/\/decorinterieurparis.com\/wp-content\/uploads\/2023\/11\/IMG_2287-225x300.jpeg 225w, https:\/\/decorinterieurparis.com\/wp-content\/uploads\/2023\/11\/IMG_2287-1151x1536.jpeg 1151w, https:\/\/decorinterieurparis.com\/wp-content\/uploads\/2023\/11\/IMG_2287.jpeg 1536w\" sizes=\"(max-width: 768px) 100vw, 768px\" \/>\t\t\t\t\t\t\t\t\t\t\t\t\t\t\t<\/div>\n\t\t\t\t<\/div>\n\t\t\t\t<\/div>\n\t\t\t\t\t<\/div>\n\t\t\t\t<\/div>\n\t\t<div class=\"elementor-element elementor-element-3a32b5d e-flex e-con-boxed e-con e-parent\" data-id=\"3a32b5d\" data-element_type=\"container\" data-settings=\"{&quot;content_width&quot;:&quot;boxed&quot;}\" data-core-v316-plus=\"true\">\n\t\t\t\t\t<div class=\"e-con-inner\">\n\t\t\t\t<div class=\"elementor-element elementor-element-70dc4fb elementor-widget elementor-widget-copyright\" data-id=\"70dc4fb\" data-element_type=\"widget\" data-widget_type=\"copyright.default\">\n\t\t\t\t<div class=\"elementor-widget-container\">\n\t\t\t\t\t<div class=\"hfe-copyright-wrapper\">\n\t\t\t\t\t\t\t<span>Copyright \u00a9 2026 D\u00e9cor Int\u00e9rieur Paris | Powered by D\u00e9cor Int\u00e9rieur Paris<\/span>\n\t\t\t\t\t<\/div>\n\t\t\t\t<\/div>\n\t\t\t\t<\/div>\n\t\t\t\t\t<\/div>\n\t\t\t\t<\/div>\n\t\t\t\t\t\t\t<\/div>\n\t\t","protected":false},"excerpt":{"rendered":"<p>D\u00e9corateur int\u00e9rieur Paris I D\u00e9coration int\u00e9rieure Paris LE PROJET R\u00e9novation int\u00e9grale d&#8217;une cuisine au style r\u00e9solument contemporain Du sol au plafond en passant par l&#8217;agencement, les volumes et les mati\u00e8res, cette cuisine d&#8217;appartement parisien a \u00e9t\u00e9 int\u00e9gralement repens\u00e9e pour une organisation et une flexibilit\u00e9 optimale.\u00a0 Un carrelage en c\u00e9ramique imitation parquet \u00e0 chevrons ainsi que [&hellip;]<\/p>\n","protected":false},"author":1,"featured_media":0,"parent":0,"menu_order":0,"comment_status":"closed","ping_status":"closed","template":"","meta":{"footnotes":""},"class_list":["post-152","page","type-page","status-publish","hentry","entry"],"_links":{"self":[{"href":"https:\/\/decorinterieurparis.com\/index.php\/wp-json\/wp\/v2\/pages\/152","targetHints":{"allow":["GET"]}}],"collection":[{"href":"https:\/\/decorinterieurparis.com\/index.php\/wp-json\/wp\/v2\/pages"}],"about":[{"href":"https:\/\/decorinterieurparis.com\/index.php\/wp-json\/wp\/v2\/types\/page"}],"author":[{"embeddable":true,"href":"https:\/\/decorinterieurparis.com\/index.php\/wp-json\/wp\/v2\/users\/1"}],"replies":[{"embeddable":true,"href":"https:\/\/decorinterieurparis.com\/index.php\/wp-json\/wp\/v2\/comments?post=152"}],"version-history":[{"count":16,"href":"https:\/\/decorinterieurparis.com\/index.php\/wp-json\/wp\/v2\/pages\/152\/revisions"}],"predecessor-version":[{"id":1134,"href":"https:\/\/decorinterieurparis.com\/index.php\/wp-json\/wp\/v2\/pages\/152\/revisions\/1134"}],"wp:attachment":[{"href":"https:\/\/decorinterieurparis.com\/index.php\/wp-json\/wp\/v2\/media?parent=152"}],"curies":[{"name":"wp","href":"https:\/\/api.w.org\/{rel}","templated":true}]}}