{"id":138,"date":"2023-10-31T17:40:04","date_gmt":"2023-10-31T16:40:04","guid":{"rendered":"https:\/\/decorinterieurparis.com\/?page_id=138"},"modified":"2024-11-07T18:34:41","modified_gmt":"2024-11-07T17:34:41","slug":"la-serenissime","status":"publish","type":"page","link":"https:\/\/decorinterieurparis.com\/index.php\/la-serenissime\/","title":{"rendered":"LA S\u00c9RENISSIME"},"content":{"rendered":"\t\t<div data-elementor-type=\"wp-page\" data-elementor-id=\"138\" class=\"elementor elementor-138\">\n\t\t\t\t\t\t\t<div class=\"elementor-element elementor-element-c243831 e-flex e-con-boxed e-con e-parent\" data-id=\"c243831\" data-element_type=\"container\" data-settings=\"{&quot;content_width&quot;:&quot;boxed&quot;}\" data-core-v316-plus=\"true\">\n\t\t\t\t\t<div class=\"e-con-inner\">\n\t\t\t\t<div class=\"elementor-element elementor-element-8467a75 elementor-widget elementor-widget-heading\" data-id=\"8467a75\" data-element_type=\"widget\" data-widget_type=\"heading.default\">\n\t\t\t\t<div class=\"elementor-widget-container\">\n\t\t\t<style>\/*! elementor - v3.18.0 - 20-12-2023 *\/\n.elementor-heading-title{padding:0;margin:0;line-height:1}.elementor-widget-heading .elementor-heading-title[class*=elementor-size-]>a{color:inherit;font-size:inherit;line-height:inherit}.elementor-widget-heading .elementor-heading-title.elementor-size-small{font-size:15px}.elementor-widget-heading .elementor-heading-title.elementor-size-medium{font-size:19px}.elementor-widget-heading .elementor-heading-title.elementor-size-large{font-size:29px}.elementor-widget-heading .elementor-heading-title.elementor-size-xl{font-size:39px}.elementor-widget-heading .elementor-heading-title.elementor-size-xxl{font-size:59px}<\/style><h2 class=\"elementor-heading-title elementor-size-default\">D\u00e9corateur int\u00e9rieur Paris I D\u00e9coration int\u00e9rieure Paris <\/h2>\t\t<\/div>\n\t\t\t\t<\/div>\n\t\t\t\t\t<\/div>\n\t\t\t\t<\/div>\n\t\t<div class=\"elementor-element elementor-element-cf5f33c e-flex e-con-boxed e-con e-parent\" data-id=\"cf5f33c\" data-element_type=\"container\" data-settings=\"{&quot;content_width&quot;:&quot;boxed&quot;}\" data-core-v316-plus=\"true\">\n\t\t\t\t\t<div class=\"e-con-inner\">\n\t\t\t\t<div class=\"elementor-element elementor-element-bc512f1 animated-slow e-transform elementor-invisible elementor-widget elementor-widget-image\" data-id=\"bc512f1\" data-element_type=\"widget\" data-settings=\"{&quot;_animation&quot;:&quot;fadeIn&quot;,&quot;_transform_scale_effect&quot;:{&quot;unit&quot;:&quot;px&quot;,&quot;size&quot;:&quot;&quot;,&quot;sizes&quot;:[]},&quot;_transform_scale_effect_tablet&quot;:{&quot;unit&quot;:&quot;px&quot;,&quot;size&quot;:&quot;&quot;,&quot;sizes&quot;:[]},&quot;_transform_scale_effect_mobile&quot;:{&quot;unit&quot;:&quot;px&quot;,&quot;size&quot;:&quot;&quot;,&quot;sizes&quot;:[]}}\" data-widget_type=\"image.default\">\n\t\t\t\t<div class=\"elementor-widget-container\">\n\t\t\t<style>\/*! elementor - v3.18.0 - 20-12-2023 *\/\n.elementor-widget-image{text-align:center}.elementor-widget-image a{display:inline-block}.elementor-widget-image a img[src$=\".svg\"]{width:48px}.elementor-widget-image img{vertical-align:middle;display:inline-block}<\/style>\t\t\t\t\t\t\t\t\t\t\t\t<img fetchpriority=\"high\" decoding=\"async\" width=\"2048\" height=\"1536\" src=\"https:\/\/decorinterieurparis.com\/wp-content\/uploads\/2023\/11\/IMG_4741-1.jpeg\" class=\"attachment-2048x2048 size-2048x2048 wp-image-592\" alt=\"\" srcset=\"https:\/\/decorinterieurparis.com\/wp-content\/uploads\/2023\/11\/IMG_4741-1.jpeg 2049w, https:\/\/decorinterieurparis.com\/wp-content\/uploads\/2023\/11\/IMG_4741-1-300x225.jpeg 300w, https:\/\/decorinterieurparis.com\/wp-content\/uploads\/2023\/11\/IMG_4741-1-1024x768.jpeg 1024w, https:\/\/decorinterieurparis.com\/wp-content\/uploads\/2023\/11\/IMG_4741-1-768x576.jpeg 768w, https:\/\/decorinterieurparis.com\/wp-content\/uploads\/2023\/11\/IMG_4741-1-1536x1152.jpeg 1536w\" sizes=\"(max-width: 2048px) 100vw, 2048px\" \/>\t\t\t\t\t\t\t\t\t\t\t\t\t\t\t<\/div>\n\t\t\t\t<\/div>\n\t\t\t\t\t<\/div>\n\t\t\t\t<\/div>\n\t\t<div class=\"elementor-element elementor-element-13f94ac e-flex e-con-boxed e-con e-parent\" data-id=\"13f94ac\" data-element_type=\"container\" data-settings=\"{&quot;content_width&quot;:&quot;boxed&quot;}\" data-core-v316-plus=\"true\">\n\t\t\t\t\t<div class=\"e-con-inner\">\n\t\t\t\t<div class=\"elementor-element elementor-element-a0e2d04 elementor-widget elementor-widget-spacer\" data-id=\"a0e2d04\" data-element_type=\"widget\" data-widget_type=\"spacer.default\">\n\t\t\t\t<div class=\"elementor-widget-container\">\n\t\t\t<style>\/*! elementor - v3.18.0 - 20-12-2023 *\/\n.elementor-column .elementor-spacer-inner{height:var(--spacer-size)}.e-con{--container-widget-width:100%}.e-con-inner>.elementor-widget-spacer,.e-con>.elementor-widget-spacer{width:var(--container-widget-width,var(--spacer-size));--align-self:var(--container-widget-align-self,initial);--flex-shrink:0}.e-con-inner>.elementor-widget-spacer>.elementor-widget-container,.e-con>.elementor-widget-spacer>.elementor-widget-container{height:100%;width:100%}.e-con-inner>.elementor-widget-spacer>.elementor-widget-container>.elementor-spacer,.e-con>.elementor-widget-spacer>.elementor-widget-container>.elementor-spacer{height:100%}.e-con-inner>.elementor-widget-spacer>.elementor-widget-container>.elementor-spacer>.elementor-spacer-inner,.e-con>.elementor-widget-spacer>.elementor-widget-container>.elementor-spacer>.elementor-spacer-inner{height:var(--container-widget-height,var(--spacer-size))}.e-con-inner>.elementor-widget-spacer.elementor-widget-empty,.e-con>.elementor-widget-spacer.elementor-widget-empty{position:relative;min-height:22px;min-width:22px}.e-con-inner>.elementor-widget-spacer.elementor-widget-empty .elementor-widget-empty-icon,.e-con>.elementor-widget-spacer.elementor-widget-empty .elementor-widget-empty-icon{position:absolute;top:0;bottom:0;left:0;right:0;margin:auto;padding:0;width:22px;height:22px}<\/style>\t\t<div class=\"elementor-spacer\">\n\t\t\t<div class=\"elementor-spacer-inner\"><\/div>\n\t\t<\/div>\n\t\t\t\t<\/div>\n\t\t\t\t<\/div>\n\t\t\t\t\t<\/div>\n\t\t\t\t<\/div>\n\t\t<div class=\"elementor-element elementor-element-b7608b7 e-flex e-con-boxed e-con e-parent\" data-id=\"b7608b7\" data-element_type=\"container\" data-settings=\"{&quot;content_width&quot;:&quot;boxed&quot;}\" data-core-v316-plus=\"true\">\n\t\t\t\t\t<div class=\"e-con-inner\">\n\t\t\t\t<div class=\"elementor-element elementor-element-774c14f elementor-widget-divider--view-line elementor-widget elementor-widget-divider\" data-id=\"774c14f\" data-element_type=\"widget\" data-widget_type=\"divider.default\">\n\t\t\t\t<div class=\"elementor-widget-container\">\n\t\t\t<style>\/*! elementor - v3.18.0 - 20-12-2023 *\/\n.elementor-widget-divider{--divider-border-style:none;--divider-border-width:1px;--divider-color:#0c0d0e;--divider-icon-size:20px;--divider-element-spacing:10px;--divider-pattern-height:24px;--divider-pattern-size:20px;--divider-pattern-url:none;--divider-pattern-repeat:repeat-x}.elementor-widget-divider .elementor-divider{display:flex}.elementor-widget-divider .elementor-divider__text{font-size:15px;line-height:1;max-width:95%}.elementor-widget-divider .elementor-divider__element{margin:0 var(--divider-element-spacing);flex-shrink:0}.elementor-widget-divider .elementor-icon{font-size:var(--divider-icon-size)}.elementor-widget-divider .elementor-divider-separator{display:flex;margin:0;direction:ltr}.elementor-widget-divider--view-line_icon .elementor-divider-separator,.elementor-widget-divider--view-line_text .elementor-divider-separator{align-items:center}.elementor-widget-divider--view-line_icon .elementor-divider-separator:after,.elementor-widget-divider--view-line_icon .elementor-divider-separator:before,.elementor-widget-divider--view-line_text .elementor-divider-separator:after,.elementor-widget-divider--view-line_text .elementor-divider-separator:before{display:block;content:\"\";border-bottom:0;flex-grow:1;border-top:var(--divider-border-width) var(--divider-border-style) var(--divider-color)}.elementor-widget-divider--element-align-left .elementor-divider .elementor-divider-separator>.elementor-divider__svg:first-of-type{flex-grow:0;flex-shrink:100}.elementor-widget-divider--element-align-left .elementor-divider-separator:before{content:none}.elementor-widget-divider--element-align-left .elementor-divider__element{margin-left:0}.elementor-widget-divider--element-align-right .elementor-divider .elementor-divider-separator>.elementor-divider__svg:last-of-type{flex-grow:0;flex-shrink:100}.elementor-widget-divider--element-align-right .elementor-divider-separator:after{content:none}.elementor-widget-divider--element-align-right .elementor-divider__element{margin-right:0}.elementor-widget-divider:not(.elementor-widget-divider--view-line_text):not(.elementor-widget-divider--view-line_icon) .elementor-divider-separator{border-top:var(--divider-border-width) var(--divider-border-style) var(--divider-color)}.elementor-widget-divider--separator-type-pattern{--divider-border-style:none}.elementor-widget-divider--separator-type-pattern.elementor-widget-divider--view-line .elementor-divider-separator,.elementor-widget-divider--separator-type-pattern:not(.elementor-widget-divider--view-line) .elementor-divider-separator:after,.elementor-widget-divider--separator-type-pattern:not(.elementor-widget-divider--view-line) .elementor-divider-separator:before,.elementor-widget-divider--separator-type-pattern:not([class*=elementor-widget-divider--view]) .elementor-divider-separator{width:100%;min-height:var(--divider-pattern-height);-webkit-mask-size:var(--divider-pattern-size) 100%;mask-size:var(--divider-pattern-size) 100%;-webkit-mask-repeat:var(--divider-pattern-repeat);mask-repeat:var(--divider-pattern-repeat);background-color:var(--divider-color);-webkit-mask-image:var(--divider-pattern-url);mask-image:var(--divider-pattern-url)}.elementor-widget-divider--no-spacing{--divider-pattern-size:auto}.elementor-widget-divider--bg-round{--divider-pattern-repeat:round}.rtl .elementor-widget-divider .elementor-divider__text{direction:rtl}.e-con-inner>.elementor-widget-divider,.e-con>.elementor-widget-divider{width:var(--container-widget-width,100%);--flex-grow:var(--container-widget-flex-grow)}<\/style>\t\t<div class=\"elementor-divider\">\n\t\t\t<span class=\"elementor-divider-separator\">\n\t\t\t\t\t\t<\/span>\n\t\t<\/div>\n\t\t\t\t<\/div>\n\t\t\t\t<\/div>\n\t\t<div class=\"elementor-element elementor-element-aaecf4a e-con-full e-flex e-con e-child\" data-id=\"aaecf4a\" data-element_type=\"container\" data-settings=\"{&quot;content_width&quot;:&quot;full&quot;}\">\n\t\t\t\t<div class=\"elementor-element elementor-element-387320d elementor-widget elementor-widget-heading\" data-id=\"387320d\" data-element_type=\"widget\" data-widget_type=\"heading.default\">\n\t\t\t\t<div class=\"elementor-widget-container\">\n\t\t\t<h2 class=\"elementor-heading-title elementor-size-default\">LE PROJET<\/h2>\t\t<\/div>\n\t\t\t\t<\/div>\n\t\t\t\t<\/div>\n\t\t\t\t<div class=\"elementor-element elementor-element-a26d090 elementor-widget-divider--view-line elementor-widget elementor-widget-divider\" data-id=\"a26d090\" data-element_type=\"widget\" data-widget_type=\"divider.default\">\n\t\t\t\t<div class=\"elementor-widget-container\">\n\t\t\t\t\t<div class=\"elementor-divider\">\n\t\t\t<span class=\"elementor-divider-separator\">\n\t\t\t\t\t\t<\/span>\n\t\t<\/div>\n\t\t\t\t<\/div>\n\t\t\t\t<\/div>\n\t\t\t\t\t<\/div>\n\t\t\t\t<\/div>\n\t\t<div class=\"elementor-element elementor-element-742df14 e-flex e-con-boxed e-con e-parent\" data-id=\"742df14\" data-element_type=\"container\" data-settings=\"{&quot;content_width&quot;:&quot;boxed&quot;}\" data-core-v316-plus=\"true\">\n\t\t\t\t\t<div class=\"e-con-inner\">\n\t\t\t\t<div class=\"elementor-element elementor-element-c2ffaf6 elementor-widget elementor-widget-heading\" data-id=\"c2ffaf6\" data-element_type=\"widget\" data-widget_type=\"heading.default\">\n\t\t\t\t<div class=\"elementor-widget-container\">\n\t\t\t<h2 class=\"elementor-heading-title elementor-size-default\">R\u00e9novation et d\u00e9coration int\u00e9rieure de la chambre parentale d'un appartement parisien<\/h2>\t\t<\/div>\n\t\t\t\t<\/div>\n\t\t\t\t\t<\/div>\n\t\t\t\t<\/div>\n\t\t<div class=\"elementor-element elementor-element-9bd095a e-flex e-con-boxed e-con e-parent\" data-id=\"9bd095a\" data-element_type=\"container\" data-settings=\"{&quot;content_width&quot;:&quot;boxed&quot;}\" data-core-v316-plus=\"true\">\n\t\t\t\t\t<div class=\"e-con-inner\">\n\t\t\t\t<div class=\"elementor-element elementor-element-6442ee2 elementor-drop-cap-yes elementor-drop-cap-view-default elementor-widget elementor-widget-text-editor\" data-id=\"6442ee2\" data-element_type=\"widget\" data-settings=\"{&quot;drop_cap&quot;:&quot;yes&quot;}\" data-widget_type=\"text-editor.default\">\n\t\t\t\t<div class=\"elementor-widget-container\">\n\t\t\t<style>\/*! elementor - v3.18.0 - 20-12-2023 *\/\n.elementor-widget-text-editor.elementor-drop-cap-view-stacked .elementor-drop-cap{background-color:#69727d;color:#fff}.elementor-widget-text-editor.elementor-drop-cap-view-framed .elementor-drop-cap{color:#69727d;border:3px solid;background-color:transparent}.elementor-widget-text-editor:not(.elementor-drop-cap-view-default) .elementor-drop-cap{margin-top:8px}.elementor-widget-text-editor:not(.elementor-drop-cap-view-default) .elementor-drop-cap-letter{width:1em;height:1em}.elementor-widget-text-editor .elementor-drop-cap{float:left;text-align:center;line-height:1;font-size:50px}.elementor-widget-text-editor .elementor-drop-cap-letter{display:inline-block}<\/style>\t\t\t\t<p>Des mati\u00e8res, des textures et des tonalit\u00e9s qui invitent \u00e0 l&#8217;\u00e9vasion.<\/p><p>Dans un souci d&#8217;harmonisation avec le reste de ce bel \u00e9crin familial, nous avons r\u00e9cup\u00e9r\u00e9 le parquet d&#8217;origine en chevrons et avons orn\u00e9 deux des murs de cimaises.<\/p><p>Une tapisserie de chez \u00c9litis aux marbrures beiges et ocres m\u00eal\u00e9es au bleu min\u00e9ral enveloppent une t\u00eate de lit r\u00e9alis\u00e9e sur mesure en velours ras beige afin de mettre en valeur cet arri\u00e8re-plan.<\/p><p>Liseuses, interrupteurs et prises de courant en laiton bross\u00e9 viennent parfaire ce tableau.<\/p><p>Une table de chevet en acier noir mat s&#8217;efface sous une lampe de cr\u00e9ation sur-mesure orn\u00e9e d&#8217;un abat-jour en lin.<\/p><p>Une discr\u00e8te console en verre ainsi que deux fauteuils en cuir vert olive viennent compl\u00e9ter cette chambre parentale.<\/p><p>Ne reste plus qu&#8217;\u00e0 fermer les yeux .<\/p>\t\t\t\t\t\t<\/div>\n\t\t\t\t<\/div>\n\t\t\t\t\t<\/div>\n\t\t\t\t<\/div>\n\t\t<div class=\"elementor-element elementor-element-c5159c8 e-flex e-con-boxed e-con e-parent\" data-id=\"c5159c8\" data-element_type=\"container\" data-settings=\"{&quot;content_width&quot;:&quot;boxed&quot;}\" data-core-v316-plus=\"true\">\n\t\t\t\t\t<div class=\"e-con-inner\">\n\t\t<div class=\"elementor-element elementor-element-f62bfe5 e-con-full e-flex e-con e-child\" data-id=\"f62bfe5\" data-element_type=\"container\" data-settings=\"{&quot;content_width&quot;:&quot;full&quot;}\">\n\t\t\t\t<div class=\"elementor-element elementor-element-06bd92b elementor-widget elementor-widget-image\" data-id=\"06bd92b\" data-element_type=\"widget\" data-widget_type=\"image.default\">\n\t\t\t\t<div class=\"elementor-widget-container\">\n\t\t\t\t\t\t\t\t\t\t\t\t\t\t\t<img decoding=\"async\" width=\"768\" height=\"1024\" src=\"https:\/\/decorinterieurparis.com\/wp-content\/uploads\/2023\/11\/IMG_0209-768x1024.jpg\" class=\"attachment-large size-large wp-image-426\" alt=\"\" srcset=\"https:\/\/decorinterieurparis.com\/wp-content\/uploads\/2023\/11\/IMG_0209-768x1024.jpg 768w, https:\/\/decorinterieurparis.com\/wp-content\/uploads\/2023\/11\/IMG_0209-225x300.jpg 225w, https:\/\/decorinterieurparis.com\/wp-content\/uploads\/2023\/11\/IMG_0209-1152x1536.jpg 1152w, https:\/\/decorinterieurparis.com\/wp-content\/uploads\/2023\/11\/IMG_0209.jpg 1536w\" sizes=\"(max-width: 768px) 100vw, 768px\" \/>\t\t\t\t\t\t\t\t\t\t\t\t\t\t\t<\/div>\n\t\t\t\t<\/div>\n\t\t\t\t<\/div>\n\t\t<div class=\"elementor-element elementor-element-eaeda2f e-con-full e-flex e-con e-child\" data-id=\"eaeda2f\" data-element_type=\"container\" data-settings=\"{&quot;content_width&quot;:&quot;full&quot;}\">\n\t\t\t\t<div class=\"elementor-element elementor-element-e5541fc elementor-widget elementor-widget-image\" data-id=\"e5541fc\" data-element_type=\"widget\" data-widget_type=\"image.default\">\n\t\t\t\t<div class=\"elementor-widget-container\">\n\t\t\t\t\t\t\t\t\t\t\t\t\t\t\t<img decoding=\"async\" width=\"768\" height=\"1024\" src=\"https:\/\/decorinterieurparis.com\/wp-content\/uploads\/2023\/11\/IMG_4729-768x1024.jpeg\" class=\"attachment-large size-large wp-image-409\" alt=\"\" srcset=\"https:\/\/decorinterieurparis.com\/wp-content\/uploads\/2023\/11\/IMG_4729-768x1024.jpeg 768w, https:\/\/decorinterieurparis.com\/wp-content\/uploads\/2023\/11\/IMG_4729-225x300.jpeg 225w, https:\/\/decorinterieurparis.com\/wp-content\/uploads\/2023\/11\/IMG_4729-1152x1536.jpeg 1152w, https:\/\/decorinterieurparis.com\/wp-content\/uploads\/2023\/11\/IMG_4729.jpeg 1537w\" sizes=\"(max-width: 768px) 100vw, 768px\" \/>\t\t\t\t\t\t\t\t\t\t\t\t\t\t\t<\/div>\n\t\t\t\t<\/div>\n\t\t\t\t<\/div>\n\t\t<div class=\"elementor-element elementor-element-ee87bf4 e-con-full e-flex e-con e-child\" data-id=\"ee87bf4\" data-element_type=\"container\" data-settings=\"{&quot;content_width&quot;:&quot;full&quot;}\">\n\t\t\t\t<div class=\"elementor-element elementor-element-a0d54d5 elementor-widget__width-initial elementor-widget elementor-widget-image\" data-id=\"a0d54d5\" data-element_type=\"widget\" data-widget_type=\"image.default\">\n\t\t\t\t<div class=\"elementor-widget-container\">\n\t\t\t\t\t\t\t\t\t\t\t\t\t\t\t<img loading=\"lazy\" decoding=\"async\" width=\"768\" height=\"1024\" src=\"https:\/\/decorinterieurparis.com\/wp-content\/uploads\/2023\/11\/IMG_4726-768x1024.jpeg\" class=\"attachment-large size-large wp-image-408\" alt=\"\" srcset=\"https:\/\/decorinterieurparis.com\/wp-content\/uploads\/2023\/11\/IMG_4726-768x1024.jpeg 768w, https:\/\/decorinterieurparis.com\/wp-content\/uploads\/2023\/11\/IMG_4726-225x300.jpeg 225w, https:\/\/decorinterieurparis.com\/wp-content\/uploads\/2023\/11\/IMG_4726-1152x1536.jpeg 1152w, https:\/\/decorinterieurparis.com\/wp-content\/uploads\/2023\/11\/IMG_4726.jpeg 1537w\" sizes=\"(max-width: 768px) 100vw, 768px\" \/>\t\t\t\t\t\t\t\t\t\t\t\t\t\t\t<\/div>\n\t\t\t\t<\/div>\n\t\t\t\t<\/div>\n\t\t\t\t\t<\/div>\n\t\t\t\t<\/div>\n\t\t<div class=\"elementor-element elementor-element-f9bcbe5 e-flex e-con-boxed e-con e-parent\" data-id=\"f9bcbe5\" data-element_type=\"container\" data-settings=\"{&quot;content_width&quot;:&quot;boxed&quot;}\" data-core-v316-plus=\"true\">\n\t\t\t\t\t<div class=\"e-con-inner\">\n\t\t<div class=\"elementor-element elementor-element-1121909 e-con-full e-flex e-con e-child\" data-id=\"1121909\" data-element_type=\"container\" data-settings=\"{&quot;content_width&quot;:&quot;full&quot;}\">\n\t\t\t\t<div class=\"elementor-element elementor-element-a7e4de8 elementor-widget elementor-widget-image\" data-id=\"a7e4de8\" data-element_type=\"widget\" data-widget_type=\"image.default\">\n\t\t\t\t<div class=\"elementor-widget-container\">\n\t\t\t\t\t\t\t\t\t\t\t\t\t\t\t<img loading=\"lazy\" decoding=\"async\" width=\"768\" height=\"1024\" src=\"https:\/\/decorinterieurparis.com\/wp-content\/uploads\/2023\/11\/IMG_0210-2-768x1024.jpeg\" class=\"attachment-large size-large wp-image-430\" alt=\"\" srcset=\"https:\/\/decorinterieurparis.com\/wp-content\/uploads\/2023\/11\/IMG_0210-2-768x1024.jpeg 768w, https:\/\/decorinterieurparis.com\/wp-content\/uploads\/2023\/11\/IMG_0210-2-225x300.jpeg 225w, https:\/\/decorinterieurparis.com\/wp-content\/uploads\/2023\/11\/IMG_0210-2-1152x1536.jpeg 1152w, https:\/\/decorinterieurparis.com\/wp-content\/uploads\/2023\/11\/IMG_0210-2-1536x2048.jpeg 1536w, https:\/\/decorinterieurparis.com\/wp-content\/uploads\/2023\/11\/IMG_0210-2-scaled.jpeg 1920w\" sizes=\"(max-width: 768px) 100vw, 768px\" \/>\t\t\t\t\t\t\t\t\t\t\t\t\t\t\t<\/div>\n\t\t\t\t<\/div>\n\t\t\t\t<\/div>\n\t\t<div class=\"elementor-element elementor-element-e70334b e-con-full e-flex e-con e-child\" data-id=\"e70334b\" data-element_type=\"container\" data-settings=\"{&quot;content_width&quot;:&quot;full&quot;}\">\n\t\t\t\t<div class=\"elementor-element elementor-element-a314fec elementor-widget elementor-widget-image\" data-id=\"a314fec\" data-element_type=\"widget\" data-widget_type=\"image.default\">\n\t\t\t\t<div class=\"elementor-widget-container\">\n\t\t\t\t\t\t\t\t\t\t\t\t\t\t\t<img loading=\"lazy\" decoding=\"async\" width=\"1024\" height=\"768\" src=\"https:\/\/decorinterieurparis.com\/wp-content\/uploads\/2023\/11\/IMG_4741-1024x768.jpeg\" class=\"attachment-large size-large wp-image-435\" alt=\"\" srcset=\"https:\/\/decorinterieurparis.com\/wp-content\/uploads\/2023\/11\/IMG_4741-1024x768.jpeg 1024w, https:\/\/decorinterieurparis.com\/wp-content\/uploads\/2023\/11\/IMG_4741-300x225.jpeg 300w, https:\/\/decorinterieurparis.com\/wp-content\/uploads\/2023\/11\/IMG_4741-768x576.jpeg 768w, https:\/\/decorinterieurparis.com\/wp-content\/uploads\/2023\/11\/IMG_4741-1536x1152.jpeg 1536w\" sizes=\"(max-width: 1024px) 100vw, 1024px\" \/>\t\t\t\t\t\t\t\t\t\t\t\t\t\t\t<\/div>\n\t\t\t\t<\/div>\n\t\t\t\t<\/div>\n\t\t\t\t\t<\/div>\n\t\t\t\t<\/div>\n\t\t<div class=\"elementor-element elementor-element-72a7747 e-flex e-con-boxed e-con e-parent\" data-id=\"72a7747\" data-element_type=\"container\" data-settings=\"{&quot;content_width&quot;:&quot;boxed&quot;}\" data-core-v316-plus=\"true\">\n\t\t\t\t\t<div class=\"e-con-inner\">\n\t\t\t\t<div class=\"elementor-element elementor-element-41933d4 elementor-widget elementor-widget-copyright\" data-id=\"41933d4\" data-element_type=\"widget\" data-widget_type=\"copyright.default\">\n\t\t\t\t<div class=\"elementor-widget-container\">\n\t\t\t\t\t<div class=\"hfe-copyright-wrapper\">\n\t\t\t\t\t\t\t<span>Copyright \u00a9 2026 D\u00e9cor Int\u00e9rieur Paris | Powered by D\u00e9cor Int\u00e9rieur Paris<\/span>\n\t\t\t\t\t<\/div>\n\t\t\t\t<\/div>\n\t\t\t\t<\/div>\n\t\t\t\t\t<\/div>\n\t\t\t\t<\/div>\n\t\t\t\t\t\t\t<\/div>\n\t\t","protected":false},"excerpt":{"rendered":"<p>D\u00e9corateur int\u00e9rieur Paris I D\u00e9coration int\u00e9rieure Paris LE PROJET R\u00e9novation et d\u00e9coration int\u00e9rieure de la chambre parentale d&#8217;un appartement parisien Des mati\u00e8res, des textures et des tonalit\u00e9s qui invitent \u00e0 l&#8217;\u00e9vasion. Dans un souci d&#8217;harmonisation avec le reste de ce bel \u00e9crin familial, nous avons r\u00e9cup\u00e9r\u00e9 le parquet d&#8217;origine en chevrons et avons orn\u00e9 deux [&hellip;]<\/p>\n","protected":false},"author":1,"featured_media":72,"parent":0,"menu_order":0,"comment_status":"closed","ping_status":"closed","template":"","meta":{"footnotes":""},"class_list":["post-138","page","type-page","status-publish","has-post-thumbnail","hentry","entry","has-media"],"_links":{"self":[{"href":"https:\/\/decorinterieurparis.com\/index.php\/wp-json\/wp\/v2\/pages\/138","targetHints":{"allow":["GET"]}}],"collection":[{"href":"https:\/\/decorinterieurparis.com\/index.php\/wp-json\/wp\/v2\/pages"}],"about":[{"href":"https:\/\/decorinterieurparis.com\/index.php\/wp-json\/wp\/v2\/types\/page"}],"author":[{"embeddable":true,"href":"https:\/\/decorinterieurparis.com\/index.php\/wp-json\/wp\/v2\/users\/1"}],"replies":[{"embeddable":true,"href":"https:\/\/decorinterieurparis.com\/index.php\/wp-json\/wp\/v2\/comments?post=138"}],"version-history":[{"count":66,"href":"https:\/\/decorinterieurparis.com\/index.php\/wp-json\/wp\/v2\/pages\/138\/revisions"}],"predecessor-version":[{"id":1146,"href":"https:\/\/decorinterieurparis.com\/index.php\/wp-json\/wp\/v2\/pages\/138\/revisions\/1146"}],"wp:featuredmedia":[{"embeddable":true,"href":"https:\/\/decorinterieurparis.com\/index.php\/wp-json\/wp\/v2\/media\/72"}],"wp:attachment":[{"href":"https:\/\/decorinterieurparis.com\/index.php\/wp-json\/wp\/v2\/media?parent=138"}],"curies":[{"name":"wp","href":"https:\/\/api.w.org\/{rel}","templated":true}]}}