{"id":1212,"date":"2024-12-09T22:09:47","date_gmt":"2024-12-09T21:09:47","guid":{"rendered":"https:\/\/decorinterieurparis.com\/?page_id=1212"},"modified":"2024-12-09T22:32:35","modified_gmt":"2024-12-09T21:32:35","slug":"elementor-1212","status":"publish","type":"page","link":"https:\/\/decorinterieurparis.com\/index.php\/elementor-1212\/","title":{"rendered":"CARACALLA"},"content":{"rendered":"\t\t<div data-elementor-type=\"wp-page\" data-elementor-id=\"1212\" class=\"elementor elementor-1212\">\n\t\t\t\t\t\t\t<div class=\"elementor-element elementor-element-de80693 e-flex e-con-boxed e-con e-parent\" data-id=\"de80693\" data-element_type=\"container\" data-settings=\"{&quot;content_width&quot;:&quot;boxed&quot;}\" data-core-v316-plus=\"true\">\n\t\t\t\t\t<div class=\"e-con-inner\">\n\t\t\t\t<div class=\"elementor-element elementor-element-f74bd5a elementor-widget elementor-widget-image\" data-id=\"f74bd5a\" data-element_type=\"widget\" data-widget_type=\"image.default\">\n\t\t\t\t<div class=\"elementor-widget-container\">\n\t\t\t<style>\/*! elementor - v3.18.0 - 20-12-2023 *\/\n.elementor-widget-image{text-align:center}.elementor-widget-image a{display:inline-block}.elementor-widget-image a img[src$=\".svg\"]{width:48px}.elementor-widget-image img{vertical-align:middle;display:inline-block}<\/style>\t\t\t\t\t\t\t\t\t\t\t\t<img fetchpriority=\"high\" decoding=\"async\" width=\"768\" height=\"1024\" src=\"https:\/\/decorinterieurparis.com\/wp-content\/uploads\/2024\/12\/IMG_1428-768x1024.jpeg\" class=\"attachment-large size-large wp-image-1161\" alt=\"\" srcset=\"https:\/\/decorinterieurparis.com\/wp-content\/uploads\/2024\/12\/IMG_1428-768x1024.jpeg 768w, https:\/\/decorinterieurparis.com\/wp-content\/uploads\/2024\/12\/IMG_1428-225x300.jpeg 225w, https:\/\/decorinterieurparis.com\/wp-content\/uploads\/2024\/12\/IMG_1428-1152x1536.jpeg 1152w, https:\/\/decorinterieurparis.com\/wp-content\/uploads\/2024\/12\/IMG_1428-1536x2048.jpeg 1536w, https:\/\/decorinterieurparis.com\/wp-content\/uploads\/2024\/12\/IMG_1428-scaled.jpeg 1920w\" sizes=\"(max-width: 768px) 100vw, 768px\" \/>\t\t\t\t\t\t\t\t\t\t\t\t\t\t\t<\/div>\n\t\t\t\t<\/div>\n\t\t\t\t\t<\/div>\n\t\t\t\t<\/div>\n\t\t<div class=\"elementor-element elementor-element-0a938a2 e-flex e-con-boxed e-con e-parent\" data-id=\"0a938a2\" data-element_type=\"container\" data-settings=\"{&quot;content_width&quot;:&quot;boxed&quot;}\" data-core-v316-plus=\"true\">\n\t\t\t\t\t<div class=\"e-con-inner\">\n\t\t<div class=\"elementor-element elementor-element-0a448ed e-con-full e-flex e-con e-child\" data-id=\"0a448ed\" data-element_type=\"container\" data-settings=\"{&quot;content_width&quot;:&quot;full&quot;}\">\n\t\t\t\t<div class=\"elementor-element elementor-element-6d68c30 elementor-widget elementor-widget-image\" data-id=\"6d68c30\" data-element_type=\"widget\" data-widget_type=\"image.default\">\n\t\t\t\t<div class=\"elementor-widget-container\">\n\t\t\t\t\t\t\t\t\t\t\t\t\t\t\t<img decoding=\"async\" width=\"768\" height=\"1024\" src=\"https:\/\/decorinterieurparis.com\/wp-content\/uploads\/2024\/12\/IMG_1433-768x1024.jpeg\" class=\"attachment-large size-large wp-image-1163\" alt=\"\" srcset=\"https:\/\/decorinterieurparis.com\/wp-content\/uploads\/2024\/12\/IMG_1433-768x1024.jpeg 768w, https:\/\/decorinterieurparis.com\/wp-content\/uploads\/2024\/12\/IMG_1433-225x300.jpeg 225w, https:\/\/decorinterieurparis.com\/wp-content\/uploads\/2024\/12\/IMG_1433-1152x1536.jpeg 1152w, https:\/\/decorinterieurparis.com\/wp-content\/uploads\/2024\/12\/IMG_1433-1536x2048.jpeg 1536w, https:\/\/decorinterieurparis.com\/wp-content\/uploads\/2024\/12\/IMG_1433-scaled.jpeg 1920w\" sizes=\"(max-width: 768px) 100vw, 768px\" \/>\t\t\t\t\t\t\t\t\t\t\t\t\t\t\t<\/div>\n\t\t\t\t<\/div>\n\t\t\t\t<\/div>\n\t\t<div class=\"elementor-element elementor-element-5667bd3 e-con-full e-flex e-con e-child\" data-id=\"5667bd3\" data-element_type=\"container\" data-settings=\"{&quot;content_width&quot;:&quot;full&quot;}\">\n\t\t\t\t<div class=\"elementor-element elementor-element-2cb5d94 elementor-widget elementor-widget-image\" data-id=\"2cb5d94\" data-element_type=\"widget\" data-widget_type=\"image.default\">\n\t\t\t\t<div class=\"elementor-widget-container\">\n\t\t\t\t\t\t\t\t\t\t\t\t\t\t\t<img decoding=\"async\" width=\"768\" height=\"1024\" src=\"https:\/\/decorinterieurparis.com\/wp-content\/uploads\/2024\/12\/IMG_1430-768x1024.jpeg\" class=\"attachment-large size-large wp-image-1173\" alt=\"\" srcset=\"https:\/\/decorinterieurparis.com\/wp-content\/uploads\/2024\/12\/IMG_1430-768x1024.jpeg 768w, https:\/\/decorinterieurparis.com\/wp-content\/uploads\/2024\/12\/IMG_1430-225x300.jpeg 225w, https:\/\/decorinterieurparis.com\/wp-content\/uploads\/2024\/12\/IMG_1430-1152x1536.jpeg 1152w, https:\/\/decorinterieurparis.com\/wp-content\/uploads\/2024\/12\/IMG_1430-1536x2048.jpeg 1536w, https:\/\/decorinterieurparis.com\/wp-content\/uploads\/2024\/12\/IMG_1430-scaled.jpeg 1920w\" sizes=\"(max-width: 768px) 100vw, 768px\" \/>\t\t\t\t\t\t\t\t\t\t\t\t\t\t\t<\/div>\n\t\t\t\t<\/div>\n\t\t\t\t<\/div>\n\t\t<div class=\"elementor-element elementor-element-477cc8f e-con-full e-flex e-con e-child\" data-id=\"477cc8f\" data-element_type=\"container\" data-settings=\"{&quot;content_width&quot;:&quot;full&quot;}\">\n\t\t\t\t<div class=\"elementor-element elementor-element-633837b elementor-widget elementor-widget-image\" data-id=\"633837b\" data-element_type=\"widget\" data-widget_type=\"image.default\">\n\t\t\t\t<div class=\"elementor-widget-container\">\n\t\t\t\t\t\t\t\t\t\t\t\t\t\t\t<img loading=\"lazy\" decoding=\"async\" width=\"768\" height=\"1024\" src=\"https:\/\/decorinterieurparis.com\/wp-content\/uploads\/2024\/12\/IMG_1420-1-768x1024.jpeg\" class=\"attachment-large size-large wp-image-1168\" alt=\"\" srcset=\"https:\/\/decorinterieurparis.com\/wp-content\/uploads\/2024\/12\/IMG_1420-1-768x1024.jpeg 768w, https:\/\/decorinterieurparis.com\/wp-content\/uploads\/2024\/12\/IMG_1420-1-225x300.jpeg 225w, https:\/\/decorinterieurparis.com\/wp-content\/uploads\/2024\/12\/IMG_1420-1-1152x1536.jpeg 1152w, https:\/\/decorinterieurparis.com\/wp-content\/uploads\/2024\/12\/IMG_1420-1-1536x2048.jpeg 1536w, https:\/\/decorinterieurparis.com\/wp-content\/uploads\/2024\/12\/IMG_1420-1-scaled.jpeg 1920w\" sizes=\"(max-width: 768px) 100vw, 768px\" \/>\t\t\t\t\t\t\t\t\t\t\t\t\t\t\t<\/div>\n\t\t\t\t<\/div>\n\t\t\t\t<\/div>\n\t\t<div class=\"elementor-element elementor-element-8ebad4e e-con-full e-flex e-con e-child\" data-id=\"8ebad4e\" data-element_type=\"container\" data-settings=\"{&quot;content_width&quot;:&quot;full&quot;}\">\n\t\t\t\t<div class=\"elementor-element elementor-element-fbe5e24 elementor-widget elementor-widget-image\" data-id=\"fbe5e24\" data-element_type=\"widget\" data-widget_type=\"image.default\">\n\t\t\t\t<div class=\"elementor-widget-container\">\n\t\t\t\t\t\t\t\t\t\t\t\t\t\t\t<img loading=\"lazy\" decoding=\"async\" width=\"768\" height=\"1024\" src=\"https:\/\/decorinterieurparis.com\/wp-content\/uploads\/2024\/12\/IMG_1423-768x1024.jpeg\" class=\"attachment-large size-large wp-image-1171\" alt=\"\" srcset=\"https:\/\/decorinterieurparis.com\/wp-content\/uploads\/2024\/12\/IMG_1423-768x1024.jpeg 768w, https:\/\/decorinterieurparis.com\/wp-content\/uploads\/2024\/12\/IMG_1423-225x300.jpeg 225w, https:\/\/decorinterieurparis.com\/wp-content\/uploads\/2024\/12\/IMG_1423-1152x1536.jpeg 1152w, https:\/\/decorinterieurparis.com\/wp-content\/uploads\/2024\/12\/IMG_1423-1536x2048.jpeg 1536w, https:\/\/decorinterieurparis.com\/wp-content\/uploads\/2024\/12\/IMG_1423-scaled.jpeg 1920w\" sizes=\"(max-width: 768px) 100vw, 768px\" \/>\t\t\t\t\t\t\t\t\t\t\t\t\t\t\t<\/div>\n\t\t\t\t<\/div>\n\t\t\t\t<\/div>\n\t\t<div class=\"elementor-element elementor-element-256ceb5 e-con-full e-flex e-con e-child\" data-id=\"256ceb5\" data-element_type=\"container\" data-settings=\"{&quot;content_width&quot;:&quot;full&quot;}\">\n\t\t\t\t<div class=\"elementor-element elementor-element-da50923 elementor-widget elementor-widget-image\" data-id=\"da50923\" data-element_type=\"widget\" data-widget_type=\"image.default\">\n\t\t\t\t<div class=\"elementor-widget-container\">\n\t\t\t\t\t\t\t\t\t\t\t\t\t\t\t<img loading=\"lazy\" decoding=\"async\" width=\"768\" height=\"1024\" src=\"https:\/\/decorinterieurparis.com\/wp-content\/uploads\/2024\/12\/IMG_1426-768x1024.jpeg\" class=\"attachment-large size-large wp-image-1164\" alt=\"\" srcset=\"https:\/\/decorinterieurparis.com\/wp-content\/uploads\/2024\/12\/IMG_1426-768x1024.jpeg 768w, https:\/\/decorinterieurparis.com\/wp-content\/uploads\/2024\/12\/IMG_1426-225x300.jpeg 225w, https:\/\/decorinterieurparis.com\/wp-content\/uploads\/2024\/12\/IMG_1426-1152x1536.jpeg 1152w, https:\/\/decorinterieurparis.com\/wp-content\/uploads\/2024\/12\/IMG_1426-1536x2048.jpeg 1536w, https:\/\/decorinterieurparis.com\/wp-content\/uploads\/2024\/12\/IMG_1426-scaled.jpeg 1920w\" sizes=\"(max-width: 768px) 100vw, 768px\" \/>\t\t\t\t\t\t\t\t\t\t\t\t\t\t\t<\/div>\n\t\t\t\t<\/div>\n\t\t\t\t<\/div>\n\t\t<div class=\"elementor-element elementor-element-7047652 e-con-full e-flex e-con e-child\" data-id=\"7047652\" data-element_type=\"container\" data-settings=\"{&quot;content_width&quot;:&quot;full&quot;}\">\n\t\t\t\t<div class=\"elementor-element elementor-element-1b9ac7c elementor-widget elementor-widget-image\" data-id=\"1b9ac7c\" data-element_type=\"widget\" data-widget_type=\"image.default\">\n\t\t\t\t<div class=\"elementor-widget-container\">\n\t\t\t\t\t\t\t\t\t\t\t\t\t\t\t<img loading=\"lazy\" decoding=\"async\" width=\"768\" height=\"1024\" src=\"https:\/\/decorinterieurparis.com\/wp-content\/uploads\/2024\/12\/IMG_1427-768x1024.jpeg\" class=\"attachment-large size-large wp-image-1165\" alt=\"\" srcset=\"https:\/\/decorinterieurparis.com\/wp-content\/uploads\/2024\/12\/IMG_1427-768x1024.jpeg 768w, https:\/\/decorinterieurparis.com\/wp-content\/uploads\/2024\/12\/IMG_1427-225x300.jpeg 225w, https:\/\/decorinterieurparis.com\/wp-content\/uploads\/2024\/12\/IMG_1427-1152x1536.jpeg 1152w, https:\/\/decorinterieurparis.com\/wp-content\/uploads\/2024\/12\/IMG_1427-1536x2048.jpeg 1536w, https:\/\/decorinterieurparis.com\/wp-content\/uploads\/2024\/12\/IMG_1427-scaled.jpeg 1920w\" sizes=\"(max-width: 768px) 100vw, 768px\" \/>\t\t\t\t\t\t\t\t\t\t\t\t\t\t\t<\/div>\n\t\t\t\t<\/div>\n\t\t\t\t<\/div>\n\t\t\t\t\t<\/div>\n\t\t\t\t<\/div>\n\t\t<div class=\"elementor-element elementor-element-87a9222 e-flex e-con-boxed e-con e-parent\" data-id=\"87a9222\" data-element_type=\"container\" data-settings=\"{&quot;content_width&quot;:&quot;boxed&quot;}\" data-core-v316-plus=\"true\">\n\t\t\t\t\t<div class=\"e-con-inner\">\n\t\t\t\t<div class=\"elementor-element elementor-element-a0d6bc8 elementor-widget elementor-widget-copyright\" data-id=\"a0d6bc8\" data-element_type=\"widget\" data-widget_type=\"copyright.default\">\n\t\t\t\t<div class=\"elementor-widget-container\">\n\t\t\t\t\t<div class=\"hfe-copyright-wrapper\">\n\t\t\t\t\t\t\t<span>Copyright \u00a9 2026 D\u00e9cor Int\u00e9rieur Paris | Powered by D\u00e9cor Int\u00e9rieur Paris<\/span>\n\t\t\t\t\t<\/div>\n\t\t\t\t<\/div>\n\t\t\t\t<\/div>\n\t\t\t\t\t<\/div>\n\t\t\t\t<\/div>\n\t\t\t\t\t\t\t<\/div>\n\t\t","protected":false},"excerpt":{"rendered":"<p>Copyright \u00a9 | Powered by<\/p>\n","protected":false},"author":1,"featured_media":0,"parent":0,"menu_order":0,"comment_status":"closed","ping_status":"closed","template":"","meta":{"footnotes":""},"class_list":["post-1212","page","type-page","status-publish","hentry","entry"],"_links":{"self":[{"href":"https:\/\/decorinterieurparis.com\/index.php\/wp-json\/wp\/v2\/pages\/1212","targetHints":{"allow":["GET"]}}],"collection":[{"href":"https:\/\/decorinterieurparis.com\/index.php\/wp-json\/wp\/v2\/pages"}],"about":[{"href":"https:\/\/decorinterieurparis.com\/index.php\/wp-json\/wp\/v2\/types\/page"}],"author":[{"embeddable":true,"href":"https:\/\/decorinterieurparis.com\/index.php\/wp-json\/wp\/v2\/users\/1"}],"replies":[{"embeddable":true,"href":"https:\/\/decorinterieurparis.com\/index.php\/wp-json\/wp\/v2\/comments?post=1212"}],"version-history":[{"count":8,"href":"https:\/\/decorinterieurparis.com\/index.php\/wp-json\/wp\/v2\/pages\/1212\/revisions"}],"predecessor-version":[{"id":1238,"href":"https:\/\/decorinterieurparis.com\/index.php\/wp-json\/wp\/v2\/pages\/1212\/revisions\/1238"}],"wp:attachment":[{"href":"https:\/\/decorinterieurparis.com\/index.php\/wp-json\/wp\/v2\/media?parent=1212"}],"curies":[{"name":"wp","href":"https:\/\/api.w.org\/{rel}","templated":true}]}}